{"id":1059,"date":"2017-06-29T10:23:32","date_gmt":"2017-06-29T08:23:32","guid":{"rendered":"http:\/\/localhost\/hotel4you\/home\/"},"modified":"2026-05-11T14:00:20","modified_gmt":"2026-05-11T12:00:20","slug":"home","status":"publish","type":"page","link":"https:\/\/www.hotel4you.de\/en\/","title":{"rendered":"HOME"},"content":{"rendered":"<section class=\"l-section wpb_row height_medium\"><div class=\"l-section-h i-cf\"><div class=\"g-cols vc_row via_grid cols_1 laptops-cols_inherit tablets-cols_inherit mobiles-cols_1 valign_top type_default stacking_default\"><div class=\"wpb_column vc_column_container\"><div class=\"vc_column-inner\"><div class=\"w-slider style_none fit_scaledown\"><div class=\"w-slider-h\"><div class=\"royalSlider\"><div class=\"rsContent\"><a class=\"rsImg\" data-rsw=\"1701\" data-rsh=\"800\" href=\"https:\/\/www.hotel4you.de\/wp-content\/uploads\/IMG_1721_web-1.jpg\"><span data-alt=\"\"><\/span><\/a><\/div><div class=\"rsContent\"><a class=\"rsImg\" data-rsw=\"2560\" data-rsh=\"1204\" href=\"https:\/\/www.hotel4you.de\/wp-content\/uploads\/Theaterbesuch-scaled.jpg\"><span data-alt=\"Best Ager Paar in Abendgaderobe nach dem Theaterbesuch - Ausklang des Abends bei einem Gl\u00e4schen Prosecco im Kaminzimmer vor dem brennenden Kamin\"><\/span><\/a><\/div><div class=\"rsContent\"><a class=\"rsImg\" data-rsw=\"1701\" data-rsh=\"800\" href=\"https:\/\/www.hotel4you.de\/wp-content\/uploads\/Sportlegenden006_web.jpg\"><span data-alt=\"\"><\/span><\/a><\/div><div class=\"rsContent\"><a class=\"rsImg\" data-rsw=\"7087\" data-rsh=\"3333\" href=\"https:\/\/www.hotel4you.de\/wp-content\/uploads\/KOSU_6-e1678518436879.jpg\"><span data-alt=\"\"><\/span><\/a><\/div><div class=\"rsContent\"><a class=\"rsImg\" data-rsw=\"1701\" data-rsh=\"800\" href=\"https:\/\/www.hotel4you.de\/wp-content\/uploads\/KT-Liebe005_web-1.jpg\"><span data-alt=\"\"><\/span><\/a><\/div><div class=\"rsContent\"><a class=\"rsImg\" data-rsw=\"7087\" data-rsh=\"3333\" href=\"https:\/\/www.hotel4you.de\/wp-content\/uploads\/Terrasse_1-e1678518492822.jpg\"><span data-alt=\"\"><\/span><\/a><\/div><div class=\"rsContent\"><a class=\"rsImg\" data-rsw=\"1701\" data-rsh=\"800\" href=\"https:\/\/www.hotel4you.de\/wp-content\/uploads\/Kuechengarten012_web.jpg\"><span data-alt=\"\"><\/span><\/a><\/div><div class=\"rsContent\"><a class=\"rsImg\" data-rsw=\"1701\" data-rsh=\"800\" href=\"https:\/\/www.hotel4you.de\/wp-content\/uploads\/Otto-Dix005_web.jpg\"><span data-alt=\"\"><\/span><\/a><\/div><div class=\"rsContent\"><a class=\"rsImg\" data-rsw=\"7087\" data-rsh=\"3333\" href=\"https:\/\/www.hotel4you.de\/wp-content\/uploads\/Candlelight-Glueh-e1678519141861.jpg\"><span data-alt=\"liebevoll arrangiertes 3-G\u00e4nge Men\u00fc bei Candle light Dinner in Th\u00fcringen\"><\/span><\/a><\/div><div class=\"rsContent\"><a class=\"rsImg\" data-rsw=\"1701\" data-rsh=\"800\" href=\"https:\/\/www.hotel4you.de\/wp-content\/uploads\/Dahliengarten007_web-1.jpg\"><span data-alt=\"\"><\/span><\/a><\/div><div class=\"rsContent\"><a class=\"rsImg\" data-rsw=\"2560\" data-rsh=\"1204\" href=\"https:\/\/www.hotel4you.de\/wp-content\/uploads\/Zwergschl-1454-2500px-scaled.jpg\"><span data-alt=\"P\u00e4rchen beim Candlelight Dinner in romantischer Stimmung\"><\/span><\/a><\/div><div class=\"rsContent\"><a class=\"rsImg\" data-rsw=\"1701\" data-rsh=\"800\" href=\"https:\/\/www.hotel4you.de\/wp-content\/uploads\/Reitsport010_web-1.jpg\"><span data-alt=\"\"><\/span><\/a><\/div><div class=\"rsContent\"><a class=\"rsImg\" data-rsw=\"7087\" data-rsh=\"3333\" href=\"https:\/\/www.hotel4you.de\/wp-content\/uploads\/Straba047-e1678519487904.jpg\"><span data-alt=\"\"><\/span><\/a><\/div><div class=\"rsContent\"><a class=\"rsImg\" data-rsw=\"7087\" data-rsh=\"3333\" href=\"https:\/\/www.hotel4you.de\/wp-content\/uploads\/Textil007-e1678519591222.jpg\"><span data-alt=\"\"><\/span><\/a><\/div><\/div><img decoding=\"async\" src=\"https:\/\/www.hotel4you.de\/wp-content\/uploads\/IMG_1721_web-1.jpg\" width=\"1701\" height=\"800\" alt loading=\"lazy\"><\/div><div class=\"w-slider-json\" onclick='return {&quot;loop&quot;:true,&quot;fadeInLoadedSlide&quot;:false,&quot;slidesSpacing&quot;:0,&quot;imageScalePadding&quot;:0,&quot;numImagesToPreload&quot;:2,&quot;arrowsNav&quot;:true,&quot;arrowsNavAutoHide&quot;:true,&quot;transitionType&quot;:&quot;fade&quot;,&quot;transitionSpeed&quot;:250,&quot;block&quot;:{&quot;moveEffect&quot;:&quot;none&quot;,&quot;speed&quot;:300},&quot;controlNavigation&quot;:&quot;bullets&quot;,&quot;autoplay&quot;:{&quot;enabled&quot;:true,&quot;pauseOnHover&quot;:true,&quot;delay&quot;:6000},&quot;imageScaleMode&quot;:&quot;fit-if-smaller&quot;,&quot;autoScaleSlider&quot;:true,&quot;autoScaleSliderWidth&quot;:1701,&quot;autoScaleSliderHeight&quot;:800,&quot;fitInViewport&quot;:false}'><\/div><\/div><\/div><\/div><\/div><\/div><\/section><section class=\"l-section wpb_row height_medium\"><div class=\"l-section-h i-cf\"><div class=\"g-cols vc_row via_grid cols_2-1 laptops-cols_inherit tablets-cols_inherit mobiles-cols_1 valign_top type_default stacking_default\"><div class=\"wpb_column vc_column_container\"><div class=\"vc_column-inner\"><div class=\"wpb_text_column\"><div class=\"wpb_wrapper\"><h4 style=\"text-align: left;\"><span style=\"color: #005128;\"><img loading=\"lazy\" decoding=\"async\" class=\"wp-image-525 alignnone\" src=\"http:\/\/localhost\/hotel4you\/wp-content\/uploads\/Herz_web.png\" alt=\"\" width=\"42\" height=\"42\" srcset=\"https:\/\/www.hotel4you.de\/wp-content\/uploads\/Herz_web.png 242w, https:\/\/www.hotel4you.de\/wp-content\/uploads\/Herz_web-150x150.png 150w\" sizes=\"auto, (max-width: 42px) 100vw, 42px\" \/> WELCOME HOME<br \/><\/span><\/h4>\n<p><strong>Arrive and Relax<\/strong> &#8211; Hotel Zwergschl\u00f6sschen is located on the outskirts of Gera in a unique, picturesque location. Nestled by Gera\u2019s town forest, it overlooks the floodplains of the White Elster. A family-run business, we offer our guests a warm and welcoming atmosphere of the highest standard. During their stay, our guests can also enjoy exploring our close ties to Gera und to Gera\u2019s renowned fabled dwarves. We look forward to the opportunity of personally welcoming you to our establishment.<\/p>\n<p>Let yourself be enchanted by our warm hospitality and high level of service.<\/p>\n<p><strong>RESTAURANT OPENING HOURS<\/strong><\/p>\n<p><strong>Monday &#8211; Friday<\/strong><br \/>2:00 PM &#8211; 10:00 PM and by prior arrangement<br \/><strong>Saturday<\/strong><br \/>12:00 PM &#8211; 10:00 PM<br \/><strong>Sunday<\/strong><br \/>by prior arrangement only and on public holidays<\/p>\n<p>Hot meals served during opening hours: 12:00 PM &#8211; 2:00 PM and 5:00 PM &#8211; 8:30 PM<\/p>\n<p><strong>We look forward to your reservation!<\/strong><\/p>\n<p>Reservations: +49 365 22503<\/p>\n<p><span style=\"color: #ff0000;\"><strong>Our restaurant will be closed on May 16, 2026.<\/strong><\/span><\/p>\n<p><span style=\"color: #ff0000;\"><strong>We are open for you from 12:00 to 14:00 on Pentecost Sunday and Pentecost Monday.<\/strong><\/span><\/p>\n<p><span style=\"color: #ff0000;\"><strong>Our kitchen will be closed for vacation during the following periods. Our restaurant will remain open for you. During this time we will offer cakes, ice cream and beverages.<\/strong><\/span><br \/><span style=\"color: #ff0000;\"><strong>July 27\u2013August 9, 2026<\/strong><\/span><br \/><span style=\"color: #ff0000;\"><strong>September 21\u201327, 2026<\/strong><\/span><\/p>\n<\/div><\/div><div class=\"wpb_text_column\"><div class=\"wpb_wrapper\"><\/div><\/div><\/div><\/div><div class=\"wpb_column vc_column_container\"><div class=\"vc_column-inner\"><div class=\"w-btn-wrapper align_center\"><a class=\"w-btn us-btn-style_1 d21-trigger-ibe\" target=\"_blank\" href=\"https:\/\/reservation.one.dirs21.de\/hotel4youde?range=2025-04-29,2025-04-30&amp;sets=[{&quot;uuid&quot;:&quot;487f0c55-1712-421f-952a-ae0181af4802&quot;,&quot;occupancy&quot;:{&quot;adultCount&quot;:2,&quot;children&quot;:[]}}]&amp;los=1\" rel=\"noopener\"><span class=\"w-btn-label\">ROOM RESERVATION<\/span><\/a><\/div><div class=\"w-btn-wrapper align_center\"><a class=\"w-btn us-btn-style_1\" target=\"_blank\" href=\"https:\/\/book.reservino.de\/#\/at\/Hotel-Restaurant-Zwergschloesschen\" rel=\"noopener\"><span class=\"w-btn-label\">TABLE RESERVATION<\/span><\/a><\/div><div class=\"w-separator size_medium\"><\/div><div class=\"wpb_text_column\"><div class=\"wpb_wrapper\">\n<div class=\"wpcf7 no-js\" id=\"wpcf7-f2858-o1\" lang=\"de-DE\" dir=\"ltr\">\n<div class=\"screen-reader-response\"><p role=\"status\" aria-live=\"polite\" aria-atomic=\"true\"><\/p> <ul><\/ul><\/div>\n<form action=\"\/en\/wp-json\/wp\/v2\/pages\/1059#wpcf7-f2858-o1\" method=\"post\" class=\"wpcf7-form init wpcf7-acceptance-as-validation\" aria-label=\"Kontaktformular\" novalidate=\"novalidate\" data-status=\"init\">\n<div style=\"display: none;\">\n<input type=\"hidden\" name=\"_wpcf7\" value=\"2858\" \/>\n<input type=\"hidden\" name=\"_wpcf7_version\" value=\"5.7.3\" \/>\n<input type=\"hidden\" name=\"_wpcf7_locale\" value=\"de_DE\" \/>\n<input type=\"hidden\" name=\"_wpcf7_unit_tag\" value=\"wpcf7-f2858-o1\" \/>\n<input type=\"hidden\" name=\"_wpcf7_container_post\" value=\"0\" \/>\n<input type=\"hidden\" name=\"_wpcf7_posted_data_hash\" value=\"\" \/>\n<\/div>\n<p><label> Last Name (Mandatory)<br \/>\n<span class=\"wpcf7-form-control-wrap\" data-name=\"last-name\"><input size=\"40\" class=\"wpcf7-form-control wpcf7-text wpcf7-validates-as-required\" aria-required=\"true\" aria-invalid=\"false\" value=\"\" type=\"text\" name=\"last-name\" \/><\/span> <\/label><br \/>\n<label> First Name (Mandatory)<br \/>\n<span class=\"wpcf7-form-control-wrap\" data-name=\"first-name\"><input size=\"40\" class=\"wpcf7-form-control wpcf7-text wpcf7-validates-as-required\" aria-required=\"true\" aria-invalid=\"false\" value=\"\" type=\"text\" name=\"first-name\" \/><\/span> <\/label><br \/>\n<label> E-Mail (Mandatory)<br \/>\n<span class=\"wpcf7-form-control-wrap\" data-name=\"your-email\"><input size=\"40\" class=\"wpcf7-form-control wpcf7-text wpcf7-email wpcf7-validates-as-required wpcf7-validates-as-email\" aria-required=\"true\" aria-invalid=\"false\" value=\"\" type=\"email\" name=\"your-email\" \/><\/span> <\/label>\n<\/p>\n<p><label> Subject<br \/>\n<span class=\"wpcf7-form-control-wrap\" data-name=\"your-subject\"><input size=\"40\" class=\"wpcf7-form-control wpcf7-text wpcf7-validates-as-required\" aria-required=\"true\" aria-invalid=\"false\" value=\"\" type=\"text\" name=\"your-subject\" \/><\/span> <\/label>\n<\/p>\n<p><label> Message<br \/>\n<span class=\"wpcf7-form-control-wrap\" data-name=\"your-message\"><textarea cols=\"40\" rows=\"10\" class=\"wpcf7-form-control wpcf7-textarea wpcf7-validates-as-required\" aria-required=\"true\" aria-invalid=\"false\" name=\"your-message\"><\/textarea><\/span> <\/label>\n<\/p>\n<p><span class=\"wpcf7-form-control-wrap\" data-name=\"accept-this-1\"><span class=\"wpcf7-form-control wpcf7-acceptance\"><span class=\"wpcf7-list-item\"><input type=\"checkbox\" name=\"accept-this-1\" value=\"1\" aria-invalid=\"false\" \/><\/span><\/span><\/span> You agree that your data will be used to process your request. Further information and revocation instructions can be found in the data protection declaration.\n<\/p>\n<p><input class=\"wpcf7-form-control has-spinner wpcf7-submit\" type=\"submit\" value=\"SEND\" \/>\n<\/p><div class=\"wpcf7-response-output\" aria-hidden=\"true\"><\/div>\n<\/form>\n<\/div>\n\n<\/div><\/div><div class=\"w-separator size_medium\"><\/div><div class=\"w-image align_center\"><a target=\"_blank\" href=\"http:\/\/www.vogtland-tourismus.de\" rel=\"noopener\" aria-label=\"Link\" class=\"w-image-h\"><img loading=\"lazy\" decoding=\"async\" width=\"200\" height=\"208\" src=\"https:\/\/www.hotel4you.de\/wp-content\/uploads\/Logo_Vogtland_web.png\" class=\"attachment-medium size-medium\" alt=\"\" \/><\/a><\/div><div class=\"w-image align_center\"><a target=\"_blank\" href=\"https:\/\/www.thueringen-entdecken.de\/\" rel=\"noopener\" aria-label=\"Link\" class=\"w-image-h\"><img loading=\"lazy\" decoding=\"async\" width=\"300\" height=\"98\" src=\"https:\/\/www.hotel4you.de\/wp-content\/uploads\/Thueringen-Logo-2021-Internet_unten_rgb-300x98.jpg\" class=\"attachment-medium size-medium\" alt=\"\" srcset=\"https:\/\/www.hotel4you.de\/wp-content\/uploads\/Thueringen-Logo-2021-Internet_unten_rgb-300x98.jpg 300w, https:\/\/www.hotel4you.de\/wp-content\/uploads\/Thueringen-Logo-2021-Internet_unten_rgb-600x198.jpg 600w, https:\/\/www.hotel4you.de\/wp-content\/uploads\/Thueringen-Logo-2021-Internet_unten_rgb-320x105.jpg 320w, https:\/\/www.hotel4you.de\/wp-content\/uploads\/Thueringen-Logo-2021-Internet_unten_rgb-480x157.jpg 480w, https:\/\/www.hotel4you.de\/wp-content\/uploads\/Thueringen-Logo-2021-Internet_unten_rgb.jpg 606w\" sizes=\"auto, (max-width: 300px) 100vw, 300px\" \/><\/a><\/div><\/div><\/div><\/div><\/div><\/section>\n","protected":false},"excerpt":{"rendered":"WELCOME HOME Arrive and Relax &#8211; Hotel Zwergschl\u00f6sschen is located on the outskirts of Gera in a unique, picturesque location. Nestled by Gera\u2019s town forest, it overlooks the floodplains of the White Elster. A family-run business, we offer our guests a warm and welcoming atmosphere of the highest standard. During their stay, our guests can...","protected":false},"author":1,"featured_media":0,"parent":0,"menu_order":0,"comment_status":"closed","ping_status":"closed","template":"","meta":{"footnotes":""},"class_list":["post-1059","page","type-page","status-publish","hentry"],"yoast_head":"<!-- This site is optimized with the Yoast SEO plugin v24.8.1 - https:\/\/yoast.com\/wordpress\/plugins\/seo\/ -->\n<title>HOME - hotel4you<\/title>\n<meta name=\"robots\" content=\"index, follow, max-snippet:-1, max-image-preview:large, max-video-preview:-1\" \/>\n<link rel=\"canonical\" href=\"https:\/\/www.hotel4you.de\/en\/\" \/>\n<meta property=\"og:locale\" content=\"en_US\" \/>\n<meta property=\"og:type\" content=\"article\" \/>\n<meta property=\"og:title\" content=\"HOME - hotel4you\" \/>\n<meta property=\"og:url\" content=\"https:\/\/www.hotel4you.de\/en\/\" \/>\n<meta property=\"og:site_name\" content=\"hotel4you\" \/>\n<meta property=\"article:modified_time\" content=\"2026-05-11T12:00:20+00:00\" \/>\n<meta property=\"og:image\" content=\"http:\/\/localhost\/hotel4you\/wp-content\/uploads\/Herz_web.png\" \/>\n<meta name=\"twitter:card\" content=\"summary_large_image\" \/>\n<meta name=\"twitter:label1\" content=\"Est. reading time\" \/>\n\t<meta name=\"twitter:data1\" content=\"2 minutes\" \/>\n<script type=\"application\/ld+json\" class=\"yoast-schema-graph\">{\"@context\":\"https:\/\/schema.org\",\"@graph\":[{\"@type\":\"WebPage\",\"@id\":\"https:\/\/www.hotel4you.de\/en\/\",\"url\":\"https:\/\/www.hotel4you.de\/en\/\",\"name\":\"HOME - hotel4you\",\"isPartOf\":{\"@id\":\"https:\/\/www.hotel4you.de\/en\/#website\"},\"primaryImageOfPage\":{\"@id\":\"https:\/\/www.hotel4you.de\/en\/#primaryimage\"},\"image\":{\"@id\":\"https:\/\/www.hotel4you.de\/en\/#primaryimage\"},\"thumbnailUrl\":\"http:\/\/localhost\/hotel4you\/wp-content\/uploads\/Herz_web.png\",\"datePublished\":\"2017-06-29T08:23:32+00:00\",\"dateModified\":\"2026-05-11T12:00:20+00:00\",\"breadcrumb\":{\"@id\":\"https:\/\/www.hotel4you.de\/en\/#breadcrumb\"},\"inLanguage\":\"en-US\",\"potentialAction\":[{\"@type\":\"ReadAction\",\"target\":[\"https:\/\/www.hotel4you.de\/en\/\"]}]},{\"@type\":\"ImageObject\",\"inLanguage\":\"en-US\",\"@id\":\"https:\/\/www.hotel4you.de\/en\/#primaryimage\",\"url\":\"http:\/\/localhost\/hotel4you\/wp-content\/uploads\/Herz_web.png\",\"contentUrl\":\"http:\/\/localhost\/hotel4you\/wp-content\/uploads\/Herz_web.png\"},{\"@type\":\"BreadcrumbList\",\"@id\":\"https:\/\/www.hotel4you.de\/en\/#breadcrumb\",\"itemListElement\":[{\"@type\":\"ListItem\",\"position\":1,\"name\":\"Home\",\"item\":\"https:\/\/www.hotel4you.de\/en\/\"},{\"@type\":\"ListItem\",\"position\":2,\"name\":\"HOME\"}]},{\"@type\":\"WebSite\",\"@id\":\"https:\/\/www.hotel4you.de\/en\/#website\",\"url\":\"https:\/\/www.hotel4you.de\/en\/\",\"name\":\"hotel4you\",\"description\":\"Offizieller Internetauftritt Hotel-Restaurant Zwergschl\u00f6sschen\",\"potentialAction\":[{\"@type\":\"SearchAction\",\"target\":{\"@type\":\"EntryPoint\",\"urlTemplate\":\"https:\/\/www.hotel4you.de\/en\/?s={search_term_string}\"},\"query-input\":{\"@type\":\"PropertyValueSpecification\",\"valueRequired\":true,\"valueName\":\"search_term_string\"}}],\"inLanguage\":\"en-US\"}]}<\/script>\n<!-- \/ Yoast SEO plugin. -->","yoast_head_json":{"title":"HOME - hotel4you","robots":{"index":"index","follow":"follow","max-snippet":"max-snippet:-1","max-image-preview":"max-image-preview:large","max-video-preview":"max-video-preview:-1"},"canonical":"https:\/\/www.hotel4you.de\/en\/","og_locale":"en_US","og_type":"article","og_title":"HOME - hotel4you","og_url":"https:\/\/www.hotel4you.de\/en\/","og_site_name":"hotel4you","article_modified_time":"2026-05-11T12:00:20+00:00","og_image":[{"url":"http:\/\/localhost\/hotel4you\/wp-content\/uploads\/Herz_web.png","type":"","width":"","height":""}],"twitter_card":"summary_large_image","twitter_misc":{"Est. reading time":"2 minutes"},"schema":{"@context":"https:\/\/schema.org","@graph":[{"@type":"WebPage","@id":"https:\/\/www.hotel4you.de\/en\/","url":"https:\/\/www.hotel4you.de\/en\/","name":"HOME - hotel4you","isPartOf":{"@id":"https:\/\/www.hotel4you.de\/en\/#website"},"primaryImageOfPage":{"@id":"https:\/\/www.hotel4you.de\/en\/#primaryimage"},"image":{"@id":"https:\/\/www.hotel4you.de\/en\/#primaryimage"},"thumbnailUrl":"http:\/\/localhost\/hotel4you\/wp-content\/uploads\/Herz_web.png","datePublished":"2017-06-29T08:23:32+00:00","dateModified":"2026-05-11T12:00:20+00:00","breadcrumb":{"@id":"https:\/\/www.hotel4you.de\/en\/#breadcrumb"},"inLanguage":"en-US","potentialAction":[{"@type":"ReadAction","target":["https:\/\/www.hotel4you.de\/en\/"]}]},{"@type":"ImageObject","inLanguage":"en-US","@id":"https:\/\/www.hotel4you.de\/en\/#primaryimage","url":"http:\/\/localhost\/hotel4you\/wp-content\/uploads\/Herz_web.png","contentUrl":"http:\/\/localhost\/hotel4you\/wp-content\/uploads\/Herz_web.png"},{"@type":"BreadcrumbList","@id":"https:\/\/www.hotel4you.de\/en\/#breadcrumb","itemListElement":[{"@type":"ListItem","position":1,"name":"Home","item":"https:\/\/www.hotel4you.de\/en\/"},{"@type":"ListItem","position":2,"name":"HOME"}]},{"@type":"WebSite","@id":"https:\/\/www.hotel4you.de\/en\/#website","url":"https:\/\/www.hotel4you.de\/en\/","name":"hotel4you","description":"Offizieller Internetauftritt Hotel-Restaurant Zwergschl\u00f6sschen","potentialAction":[{"@type":"SearchAction","target":{"@type":"EntryPoint","urlTemplate":"https:\/\/www.hotel4you.de\/en\/?s={search_term_string}"},"query-input":{"@type":"PropertyValueSpecification","valueRequired":true,"valueName":"search_term_string"}}],"inLanguage":"en-US"}]}},"_links":{"self":[{"href":"https:\/\/www.hotel4you.de\/en\/wp-json\/wp\/v2\/pages\/1059","targetHints":{"allow":["GET"]}}],"collection":[{"href":"https:\/\/www.hotel4you.de\/en\/wp-json\/wp\/v2\/pages"}],"about":[{"href":"https:\/\/www.hotel4you.de\/en\/wp-json\/wp\/v2\/types\/page"}],"author":[{"embeddable":true,"href":"https:\/\/www.hotel4you.de\/en\/wp-json\/wp\/v2\/users\/1"}],"replies":[{"embeddable":true,"href":"https:\/\/www.hotel4you.de\/en\/wp-json\/wp\/v2\/comments?post=1059"}],"version-history":[{"count":38,"href":"https:\/\/www.hotel4you.de\/en\/wp-json\/wp\/v2\/pages\/1059\/revisions"}],"predecessor-version":[{"id":4274,"href":"https:\/\/www.hotel4you.de\/en\/wp-json\/wp\/v2\/pages\/1059\/revisions\/4274"}],"wp:attachment":[{"href":"https:\/\/www.hotel4you.de\/en\/wp-json\/wp\/v2\/media?parent=1059"}],"curies":[{"name":"wp","href":"https:\/\/api.w.org\/{rel}","templated":true}]}}