{"id":1142,"date":"2017-06-28T12:12:33","date_gmt":"2017-06-28T10:12:33","guid":{"rendered":"http:\/\/localhost\/hotel4you\/zeit-zu-zweit\/"},"modified":"2024-12-31T10:34:49","modified_gmt":"2024-12-31T09:34:49","slug":"zeit-zu-zweit","status":"publish","type":"page","link":"https:\/\/www.hotel4you.de\/en\/zeit-zu-zweit\/","title":{"rendered":"COUPLE TIME"},"content":{"rendered":"<section class=\"l-section wpb_row height_medium\"><div class=\"l-section-h i-cf\"><div class=\"g-cols vc_row via_grid cols_2-1 laptops-cols_inherit tablets-cols_inherit mobiles-cols_1 valign_top type_default stacking_default\"><div class=\"wpb_column vc_column_container\"><div class=\"vc_column-inner\"><div class=\"w-slider style_none fit_scaledown\"><div class=\"w-slider-h\"><div class=\"royalSlider\"><div class=\"rsContent\"><a class=\"rsImg\" data-rsw=\"1024\" data-rsh=\"482\" href=\"https:\/\/www.hotel4you.de\/wp-content\/uploads\/ZeitzuZweit-WEB-1024x482.jpg\"><span data-alt=\"\"><\/span><\/a><\/div><div class=\"rsContent\"><a class=\"rsImg\" data-rsw=\"1024\" data-rsh=\"482\" href=\"https:\/\/www.hotel4you.de\/wp-content\/uploads\/Kuechengarten012_web-1-1024x482.jpg\"><span data-alt=\"\"><\/span><\/a><\/div><div class=\"rsContent\"><a class=\"rsImg\" data-rsw=\"1024\" data-rsh=\"482\" href=\"https:\/\/www.hotel4you.de\/wp-content\/uploads\/Dahliengarten002_web-1024x482.jpg\"><span data-alt=\"\"><\/span><\/a><\/div><div class=\"rsContent\"><a class=\"rsImg\" data-rsw=\"1024\" data-rsh=\"482\" href=\"https:\/\/www.hotel4you.de\/wp-content\/uploads\/Dahliengarten007_web-1-1024x482.jpg\"><span data-alt=\"\"><\/span><\/a><\/div><div class=\"rsContent\"><a class=\"rsImg\" data-rsw=\"1024\" data-rsh=\"482\" href=\"https:\/\/www.hotel4you.de\/wp-content\/uploads\/Theater003_web-1024x482.jpg\"><span data-alt=\"\"><\/span><\/a><\/div><div class=\"rsContent\"><a class=\"rsImg\" data-rsw=\"1024\" data-rsh=\"482\" href=\"https:\/\/www.hotel4you.de\/wp-content\/uploads\/Stadtwald015_web-1024x482.jpg\"><span data-alt=\"\"><\/span><\/a><\/div><div class=\"rsContent\"><a class=\"rsImg\" data-rsw=\"1024\" data-rsh=\"482\" href=\"https:\/\/www.hotel4you.de\/wp-content\/uploads\/Otto-Dix003_web-1024x482.jpg\"><span data-alt=\"\"><\/span><\/a><\/div><div class=\"rsContent\"><a class=\"rsImg\" data-rsw=\"1024\" data-rsh=\"482\" href=\"https:\/\/www.hotel4you.de\/wp-content\/uploads\/Candlelight-Glueh-1024x482.jpg\"><span data-alt=\"liebevoll arrangiertes 3-G\u00e4nge Men\u00fc bei Candle light Dinner in Th\u00fcringen\"><\/span><\/a><\/div><\/div><img decoding=\"async\" src=\"https:\/\/www.hotel4you.de\/wp-content\/uploads\/ZeitzuZweit-WEB-1024x482.jpg\" width=\"1024\" height=\"482\" alt loading=\"lazy\"><\/div><div class=\"w-slider-json\" onclick='return {&quot;loop&quot;:true,&quot;fadeInLoadedSlide&quot;:false,&quot;slidesSpacing&quot;:0,&quot;imageScalePadding&quot;:0,&quot;numImagesToPreload&quot;:2,&quot;arrowsNav&quot;:true,&quot;arrowsNavAutoHide&quot;:true,&quot;transitionType&quot;:&quot;move&quot;,&quot;transitionSpeed&quot;:250,&quot;block&quot;:{&quot;moveEffect&quot;:&quot;none&quot;,&quot;speed&quot;:300},&quot;controlNavigation&quot;:&quot;none&quot;,&quot;autoplay&quot;:{&quot;enabled&quot;:true,&quot;pauseOnHover&quot;:true,&quot;delay&quot;:3000},&quot;imageScaleMode&quot;:&quot;fit-if-smaller&quot;,&quot;autoScaleSlider&quot;:true,&quot;autoScaleSliderWidth&quot;:1024,&quot;autoScaleSliderHeight&quot;:482,&quot;fitInViewport&quot;:false}'><\/div><\/div><\/div><\/div><div class=\"wpb_column vc_column_container\"><div class=\"vc_column-inner\"><div class=\"wpb_text_column\"><div class=\"wpb_wrapper\"><h4><span class=\"xr_tl xr_s5\">COUPLE TIME<\/span><\/h4>\n<h5><span class=\"xr_tl xr_s5\">SNUGGLE PACKAGE<br \/><\/span><\/h5>\n<ul>\n<li><span class=\"xr_tl xr_s5\">overnight in a topics room <\/span><\/li>\n<li><span class=\"xr_tl xr_s5\">complimentary sparkling wine and fruit upon arrival<\/span><\/li>\n<li><span class=\"xr_tl xr_s5\">bath robes for the duration of your stay<\/span><\/li>\n<li>t<span class=\"xr_tl xr_s5\">hree-course candlelight dinner in the evening<br \/><\/span><\/li>\n<li><span class=\"xr_tl xr_s32\"><span class=\"xr_s5\">the following morning you will enjoy an intimate breakfast for two in your room<\/span><\/span><\/li>\n<\/ul>\n<p><strong>price per person <\/strong><span class=\"xr_tc xr_s28\">in a double room<\/span><strong><br \/><\/strong><\/p>\n<p>125,50 \u20ac<\/p>\n<p><span class=\"xr_tc xr_s28\"><strong>extra night<\/strong> in a double room per person<br \/><\/span><\/p>\n<p><span class=\"xr_tc xr_s28\">70,00 \u20ac including breakfast<br \/><\/span><\/p>\n<\/div><\/div><\/div><\/div><\/div><\/div><\/section>\n","protected":false},"excerpt":{"rendered":"COUPLE TIME SNUGGLE PACKAGE overnight in a topics room complimentary sparkling wine and fruit upon arrival bath robes for the duration of your stay three-course candlelight dinner in the evening the following morning you will enjoy an intimate breakfast for two in your room price per person in a double room 125,50 \u20ac extra night...","protected":false},"author":1,"featured_media":0,"parent":0,"menu_order":0,"comment_status":"closed","ping_status":"closed","template":"","meta":{"footnotes":""},"class_list":["post-1142","page","type-page","status-publish","hentry"],"yoast_head":"<!-- This site is optimized with the Yoast SEO plugin v24.8.1 - https:\/\/yoast.com\/wordpress\/plugins\/seo\/ -->\n<title>COUPLE TIME - hotel4you<\/title>\n<meta name=\"robots\" content=\"index, follow, max-snippet:-1, max-image-preview:large, max-video-preview:-1\" \/>\n<link rel=\"canonical\" href=\"https:\/\/www.hotel4you.de\/zeit-zu-zweit\/\" \/>\n<meta property=\"og:locale\" content=\"en_US\" \/>\n<meta property=\"og:type\" content=\"article\" \/>\n<meta property=\"og:title\" content=\"COUPLE TIME - hotel4you\" \/>\n<meta property=\"og:url\" content=\"https:\/\/www.hotel4you.de\/zeit-zu-zweit\/\" \/>\n<meta property=\"og:site_name\" content=\"hotel4you\" \/>\n<meta property=\"article:modified_time\" content=\"2024-12-31T09:34:49+00:00\" \/>\n<meta name=\"twitter:card\" content=\"summary_large_image\" \/>\n<script type=\"application\/ld+json\" class=\"yoast-schema-graph\">{\"@context\":\"https:\/\/schema.org\",\"@graph\":[{\"@type\":\"WebPage\",\"@id\":\"https:\/\/www.hotel4you.de\/zeit-zu-zweit\/\",\"url\":\"https:\/\/www.hotel4you.de\/zeit-zu-zweit\/\",\"name\":\"COUPLE TIME - hotel4you\",\"isPartOf\":{\"@id\":\"https:\/\/www.hotel4you.de\/en\/#website\"},\"datePublished\":\"2017-06-28T10:12:33+00:00\",\"dateModified\":\"2024-12-31T09:34:49+00:00\",\"breadcrumb\":{\"@id\":\"https:\/\/www.hotel4you.de\/zeit-zu-zweit\/#breadcrumb\"},\"inLanguage\":\"en-US\",\"potentialAction\":[{\"@type\":\"ReadAction\",\"target\":[\"https:\/\/www.hotel4you.de\/zeit-zu-zweit\/\"]}]},{\"@type\":\"BreadcrumbList\",\"@id\":\"https:\/\/www.hotel4you.de\/zeit-zu-zweit\/#breadcrumb\",\"itemListElement\":[{\"@type\":\"ListItem\",\"position\":1,\"name\":\"Home\",\"item\":\"https:\/\/www.hotel4you.de\/en\/\"},{\"@type\":\"ListItem\",\"position\":2,\"name\":\"COUPLE TIME\"}]},{\"@type\":\"WebSite\",\"@id\":\"https:\/\/www.hotel4you.de\/en\/#website\",\"url\":\"https:\/\/www.hotel4you.de\/en\/\",\"name\":\"hotel4you\",\"description\":\"Offizieller Internetauftritt Hotel-Restaurant Zwergschl\u00f6sschen\",\"potentialAction\":[{\"@type\":\"SearchAction\",\"target\":{\"@type\":\"EntryPoint\",\"urlTemplate\":\"https:\/\/www.hotel4you.de\/en\/?s={search_term_string}\"},\"query-input\":{\"@type\":\"PropertyValueSpecification\",\"valueRequired\":true,\"valueName\":\"search_term_string\"}}],\"inLanguage\":\"en-US\"}]}<\/script>\n<!-- \/ Yoast SEO plugin. -->","yoast_head_json":{"title":"COUPLE TIME - hotel4you","robots":{"index":"index","follow":"follow","max-snippet":"max-snippet:-1","max-image-preview":"max-image-preview:large","max-video-preview":"max-video-preview:-1"},"canonical":"https:\/\/www.hotel4you.de\/zeit-zu-zweit\/","og_locale":"en_US","og_type":"article","og_title":"COUPLE TIME - hotel4you","og_url":"https:\/\/www.hotel4you.de\/zeit-zu-zweit\/","og_site_name":"hotel4you","article_modified_time":"2024-12-31T09:34:49+00:00","twitter_card":"summary_large_image","schema":{"@context":"https:\/\/schema.org","@graph":[{"@type":"WebPage","@id":"https:\/\/www.hotel4you.de\/zeit-zu-zweit\/","url":"https:\/\/www.hotel4you.de\/zeit-zu-zweit\/","name":"COUPLE TIME - hotel4you","isPartOf":{"@id":"https:\/\/www.hotel4you.de\/en\/#website"},"datePublished":"2017-06-28T10:12:33+00:00","dateModified":"2024-12-31T09:34:49+00:00","breadcrumb":{"@id":"https:\/\/www.hotel4you.de\/zeit-zu-zweit\/#breadcrumb"},"inLanguage":"en-US","potentialAction":[{"@type":"ReadAction","target":["https:\/\/www.hotel4you.de\/zeit-zu-zweit\/"]}]},{"@type":"BreadcrumbList","@id":"https:\/\/www.hotel4you.de\/zeit-zu-zweit\/#breadcrumb","itemListElement":[{"@type":"ListItem","position":1,"name":"Home","item":"https:\/\/www.hotel4you.de\/en\/"},{"@type":"ListItem","position":2,"name":"COUPLE TIME"}]},{"@type":"WebSite","@id":"https:\/\/www.hotel4you.de\/en\/#website","url":"https:\/\/www.hotel4you.de\/en\/","name":"hotel4you","description":"Offizieller Internetauftritt Hotel-Restaurant Zwergschl\u00f6sschen","potentialAction":[{"@type":"SearchAction","target":{"@type":"EntryPoint","urlTemplate":"https:\/\/www.hotel4you.de\/en\/?s={search_term_string}"},"query-input":{"@type":"PropertyValueSpecification","valueRequired":true,"valueName":"search_term_string"}}],"inLanguage":"en-US"}]}},"_links":{"self":[{"href":"https:\/\/www.hotel4you.de\/en\/wp-json\/wp\/v2\/pages\/1142","targetHints":{"allow":["GET"]}}],"collection":[{"href":"https:\/\/www.hotel4you.de\/en\/wp-json\/wp\/v2\/pages"}],"about":[{"href":"https:\/\/www.hotel4you.de\/en\/wp-json\/wp\/v2\/types\/page"}],"author":[{"embeddable":true,"href":"https:\/\/www.hotel4you.de\/en\/wp-json\/wp\/v2\/users\/1"}],"replies":[{"embeddable":true,"href":"https:\/\/www.hotel4you.de\/en\/wp-json\/wp\/v2\/comments?post=1142"}],"version-history":[{"count":12,"href":"https:\/\/www.hotel4you.de\/en\/wp-json\/wp\/v2\/pages\/1142\/revisions"}],"predecessor-version":[{"id":3551,"href":"https:\/\/www.hotel4you.de\/en\/wp-json\/wp\/v2\/pages\/1142\/revisions\/3551"}],"wp:attachment":[{"href":"https:\/\/www.hotel4you.de\/en\/wp-json\/wp\/v2\/media?parent=1142"}],"curies":[{"name":"wp","href":"https:\/\/api.w.org\/{rel}","templated":true}]}}