{"id":1211,"date":"2017-07-11T14:22:30","date_gmt":"2017-07-11T12:22:30","guid":{"rendered":"http:\/\/localhost\/hotel4you\/zeit-zu-zweit-2\/"},"modified":"2025-11-20T14:11:00","modified_gmt":"2025-11-20T13:11:00","slug":"zeit-zu-zweit-2","status":"publish","type":"page","link":"https:\/\/www.hotel4you.de\/en\/zeit-zu-zweit-2\/","title":{"rendered":"CANDLELIGHT DINNER"},"content":{"rendered":"<section class=\"l-section wpb_row height_medium\"><div class=\"l-section-h i-cf\"><div class=\"g-cols vc_row via_grid cols_2-1 laptops-cols_inherit tablets-cols_inherit mobiles-cols_1 valign_top type_default stacking_default\"><div class=\"wpb_column vc_column_container\"><div class=\"vc_column-inner\"><div class=\"w-slider style_none fit_scaledown\"><div class=\"w-slider-h\"><div class=\"royalSlider\"><div class=\"rsContent\"><a class=\"rsImg\" data-rsw=\"1024\" data-rsh=\"482\" href=\"https:\/\/www.hotel4you.de\/wp-content\/uploads\/Candlelight-WEB-1024x482.jpg\"><span data-alt=\"liebevoll arrangiertes 3-G\u00e4nge Men\u00fc bei Candle light Dinner in Th\u00fcringen\"><\/span><\/a><\/div><div class=\"rsContent\"><a class=\"rsImg\" data-rsw=\"1024\" data-rsh=\"482\" href=\"https:\/\/www.hotel4you.de\/wp-content\/uploads\/Zwergschl-1289-2500px-1024x482.jpg\"><span data-alt=\"P\u00e4rchen beim Candlelight Dinner in romantischer Stimmung\"><\/span><\/a><\/div><\/div><img decoding=\"async\" src=\"https:\/\/www.hotel4you.de\/wp-content\/uploads\/Candlelight-WEB-1024x482.jpg\" width=\"1024\" height=\"482\" alt=\"liebevoll arrangiertes 3-G\u00e4nge Men\u00fc bei Candle light Dinner in Th\u00fcringen\" loading=\"lazy\"><\/div><div class=\"w-slider-json\" onclick='return {&quot;loop&quot;:true,&quot;fadeInLoadedSlide&quot;:false,&quot;slidesSpacing&quot;:0,&quot;imageScalePadding&quot;:0,&quot;numImagesToPreload&quot;:2,&quot;arrowsNav&quot;:true,&quot;arrowsNavAutoHide&quot;:true,&quot;transitionType&quot;:&quot;fade&quot;,&quot;transitionSpeed&quot;:250,&quot;block&quot;:{&quot;moveEffect&quot;:&quot;none&quot;,&quot;speed&quot;:300},&quot;controlNavigation&quot;:&quot;none&quot;,&quot;autoplay&quot;:{&quot;enabled&quot;:true,&quot;pauseOnHover&quot;:true,&quot;delay&quot;:3000},&quot;imageScaleMode&quot;:&quot;fit-if-smaller&quot;,&quot;autoScaleSlider&quot;:true,&quot;autoScaleSliderWidth&quot;:1024,&quot;autoScaleSliderHeight&quot;:482,&quot;fitInViewport&quot;:false}'><\/div><\/div><div class=\"wpb_text_column\"><div class=\"wpb_wrapper\"><h4>GIFTING<\/h4>\n<p>&#8230; moments of togetherness with a gift voucher from our Zwergschl\u00f6sschen!<\/p>\n<\/div><\/div><\/div><\/div><div class=\"wpb_column vc_column_container\"><div class=\"vc_column-inner\"><div class=\"wpb_text_column\"><div class=\"wpb_wrapper\"><h4>CANDLELIGHT DINNER<\/h4>\n<p>An unforgettable romantic evening awaits you in a cosy atmosphere by candlelight.<\/p>\n<p>Our <strong>candlelight dinner<\/strong> for your enjoyment is a lovingly arranged 3-course-menu, prepared with regional seasonal ingredients.<\/p>\n<p><strong>price per person<\/strong><\/p>\n<p>45,00 \u20ac<\/p>\n<\/div><\/div><\/div><\/div><\/div><\/div><\/section>\n","protected":false},"excerpt":{"rendered":"GIFTING &#8230; moments of togetherness with a gift voucher from our Zwergschl\u00f6sschen! CANDLELIGHT DINNER An unforgettable romantic evening awaits you in a cosy atmosphere by candlelight. Our candlelight dinner for your enjoyment is a lovingly arranged 3-course-menu, prepared with regional seasonal ingredients. price per person 45,00 \u20ac","protected":false},"author":1,"featured_media":0,"parent":0,"menu_order":0,"comment_status":"closed","ping_status":"closed","template":"","meta":{"footnotes":""},"class_list":["post-1211","page","type-page","status-publish","hentry"],"yoast_head":"<!-- This site is optimized with the Yoast SEO plugin v24.8.1 - https:\/\/yoast.com\/wordpress\/plugins\/seo\/ -->\n<title>CANDLELIGHT DINNER - hotel4you<\/title>\n<meta name=\"robots\" content=\"index, follow, max-snippet:-1, max-image-preview:large, max-video-preview:-1\" \/>\n<link rel=\"canonical\" href=\"https:\/\/www.hotel4you.de\/en\/zeit-zu-zweit-2\/\" \/>\n<meta property=\"og:locale\" content=\"en_US\" \/>\n<meta property=\"og:type\" content=\"article\" \/>\n<meta property=\"og:title\" content=\"CANDLELIGHT DINNER - hotel4you\" \/>\n<meta property=\"og:url\" content=\"https:\/\/www.hotel4you.de\/en\/zeit-zu-zweit-2\/\" \/>\n<meta property=\"og:site_name\" content=\"hotel4you\" \/>\n<meta property=\"article:modified_time\" content=\"2025-11-20T13:11:00+00:00\" \/>\n<meta name=\"twitter:card\" content=\"summary_large_image\" \/>\n<script type=\"application\/ld+json\" class=\"yoast-schema-graph\">{\"@context\":\"https:\/\/schema.org\",\"@graph\":[{\"@type\":\"WebPage\",\"@id\":\"https:\/\/www.hotel4you.de\/en\/zeit-zu-zweit-2\/\",\"url\":\"https:\/\/www.hotel4you.de\/en\/zeit-zu-zweit-2\/\",\"name\":\"CANDLELIGHT DINNER - hotel4you\",\"isPartOf\":{\"@id\":\"https:\/\/www.hotel4you.de\/en\/#website\"},\"datePublished\":\"2017-07-11T12:22:30+00:00\",\"dateModified\":\"2025-11-20T13:11:00+00:00\",\"breadcrumb\":{\"@id\":\"https:\/\/www.hotel4you.de\/en\/zeit-zu-zweit-2\/#breadcrumb\"},\"inLanguage\":\"en-US\",\"potentialAction\":[{\"@type\":\"ReadAction\",\"target\":[\"https:\/\/www.hotel4you.de\/en\/zeit-zu-zweit-2\/\"]}]},{\"@type\":\"BreadcrumbList\",\"@id\":\"https:\/\/www.hotel4you.de\/en\/zeit-zu-zweit-2\/#breadcrumb\",\"itemListElement\":[{\"@type\":\"ListItem\",\"position\":1,\"name\":\"Home\",\"item\":\"https:\/\/www.hotel4you.de\/en\/\"},{\"@type\":\"ListItem\",\"position\":2,\"name\":\"CANDLELIGHT DINNER\"}]},{\"@type\":\"WebSite\",\"@id\":\"https:\/\/www.hotel4you.de\/en\/#website\",\"url\":\"https:\/\/www.hotel4you.de\/en\/\",\"name\":\"hotel4you\",\"description\":\"Offizieller Internetauftritt Hotel-Restaurant Zwergschl\u00f6sschen\",\"potentialAction\":[{\"@type\":\"SearchAction\",\"target\":{\"@type\":\"EntryPoint\",\"urlTemplate\":\"https:\/\/www.hotel4you.de\/en\/?s={search_term_string}\"},\"query-input\":{\"@type\":\"PropertyValueSpecification\",\"valueRequired\":true,\"valueName\":\"search_term_string\"}}],\"inLanguage\":\"en-US\"}]}<\/script>\n<!-- \/ Yoast SEO plugin. -->","yoast_head_json":{"title":"CANDLELIGHT DINNER - hotel4you","robots":{"index":"index","follow":"follow","max-snippet":"max-snippet:-1","max-image-preview":"max-image-preview:large","max-video-preview":"max-video-preview:-1"},"canonical":"https:\/\/www.hotel4you.de\/en\/zeit-zu-zweit-2\/","og_locale":"en_US","og_type":"article","og_title":"CANDLELIGHT DINNER - hotel4you","og_url":"https:\/\/www.hotel4you.de\/en\/zeit-zu-zweit-2\/","og_site_name":"hotel4you","article_modified_time":"2025-11-20T13:11:00+00:00","twitter_card":"summary_large_image","schema":{"@context":"https:\/\/schema.org","@graph":[{"@type":"WebPage","@id":"https:\/\/www.hotel4you.de\/en\/zeit-zu-zweit-2\/","url":"https:\/\/www.hotel4you.de\/en\/zeit-zu-zweit-2\/","name":"CANDLELIGHT DINNER - hotel4you","isPartOf":{"@id":"https:\/\/www.hotel4you.de\/en\/#website"},"datePublished":"2017-07-11T12:22:30+00:00","dateModified":"2025-11-20T13:11:00+00:00","breadcrumb":{"@id":"https:\/\/www.hotel4you.de\/en\/zeit-zu-zweit-2\/#breadcrumb"},"inLanguage":"en-US","potentialAction":[{"@type":"ReadAction","target":["https:\/\/www.hotel4you.de\/en\/zeit-zu-zweit-2\/"]}]},{"@type":"BreadcrumbList","@id":"https:\/\/www.hotel4you.de\/en\/zeit-zu-zweit-2\/#breadcrumb","itemListElement":[{"@type":"ListItem","position":1,"name":"Home","item":"https:\/\/www.hotel4you.de\/en\/"},{"@type":"ListItem","position":2,"name":"CANDLELIGHT DINNER"}]},{"@type":"WebSite","@id":"https:\/\/www.hotel4you.de\/en\/#website","url":"https:\/\/www.hotel4you.de\/en\/","name":"hotel4you","description":"Offizieller Internetauftritt Hotel-Restaurant Zwergschl\u00f6sschen","potentialAction":[{"@type":"SearchAction","target":{"@type":"EntryPoint","urlTemplate":"https:\/\/www.hotel4you.de\/en\/?s={search_term_string}"},"query-input":{"@type":"PropertyValueSpecification","valueRequired":true,"valueName":"search_term_string"}}],"inLanguage":"en-US"}]}},"_links":{"self":[{"href":"https:\/\/www.hotel4you.de\/en\/wp-json\/wp\/v2\/pages\/1211","targetHints":{"allow":["GET"]}}],"collection":[{"href":"https:\/\/www.hotel4you.de\/en\/wp-json\/wp\/v2\/pages"}],"about":[{"href":"https:\/\/www.hotel4you.de\/en\/wp-json\/wp\/v2\/types\/page"}],"author":[{"embeddable":true,"href":"https:\/\/www.hotel4you.de\/en\/wp-json\/wp\/v2\/users\/1"}],"replies":[{"embeddable":true,"href":"https:\/\/www.hotel4you.de\/en\/wp-json\/wp\/v2\/comments?post=1211"}],"version-history":[{"count":13,"href":"https:\/\/www.hotel4you.de\/en\/wp-json\/wp\/v2\/pages\/1211\/revisions"}],"predecessor-version":[{"id":4107,"href":"https:\/\/www.hotel4you.de\/en\/wp-json\/wp\/v2\/pages\/1211\/revisions\/4107"}],"wp:attachment":[{"href":"https:\/\/www.hotel4you.de\/en\/wp-json\/wp\/v2\/media?parent=1211"}],"curies":[{"name":"wp","href":"https:\/\/api.w.org\/{rel}","templated":true}]}}