{"id":1258,"date":"2017-07-11T11:59:45","date_gmt":"2017-07-11T09:59:45","guid":{"rendered":"http:\/\/localhost\/hotel4you\/vegan-vegatarisch-geniessen\/"},"modified":"2023-01-26T15:22:09","modified_gmt":"2023-01-26T14:22:09","slug":"vegan-vegatarisch-geniessen","status":"publish","type":"page","link":"https:\/\/www.hotel4you.de\/en\/vegan-vegatarisch-geniessen\/","title":{"rendered":"VEGAN &#038; VEGATARIAN &#8211; ENJOY"},"content":{"rendered":"<section class=\"l-section wpb_row height_medium\"><div class=\"l-section-h i-cf\"><div class=\"g-cols vc_row via_grid cols_1 laptops-cols_inherit tablets-cols_inherit mobiles-cols_1 valign_top type_default stacking_default\"><div class=\"wpb_column vc_column_container\"><div class=\"vc_column-inner\"><div class=\"wpb_text_column\"><div class=\"wpb_wrapper\"><p>Even in the antiquity, the Greek philosopher Pythagoras pleaded or a vegetarian diet.<\/p>\n<h4>VEGAN BREAKFAST<strong><br \/>\n<\/strong><\/h4>\n<p>Enjoy our vegan breakfast buffet.<\/p>\n<h4>VEGAN AND VEGETARIAN CUISINE<strong><br \/>\n<\/strong><\/h4>\n<p>More and more people are eating vegan or vegetarian. We prove with our vegan and vegetarian cuisine that the renouncement of meat, milk, eggs, or any animal product, is by no means associated with a renouncement of enjoyment.<\/p>\n<\/div><\/div><\/div><\/div><\/div><\/div><\/section><section class=\"l-section wpb_row height_medium\"><div class=\"l-section-h i-cf\"><div class=\"g-cols vc_row via_grid cols_3 laptops-cols_inherit tablets-cols_inherit mobiles-cols_1 valign_top type_default stacking_default\"><div class=\"wpb_column vc_column_container\"><div class=\"vc_column-inner\"><div class=\"w-image align_none us_animate_afb\"><div class=\"w-image-h\"><img loading=\"lazy\" decoding=\"async\" width=\"768\" height=\"1024\" src=\"https:\/\/www.hotel4you.de\/wp-content\/uploads\/vegetarisch_web-768x1024.jpg\" class=\"attachment-large size-large\" alt=\"Starten Sie mit unserem veganen Fr\u00fchst\u00fcck in den Tag und genie\u00dfen Sie auch mittags und abends bunte, aromatische Gerichte \u2013 nachhaltig, kreativ und voller Liebe zubereitet.\" srcset=\"https:\/\/www.hotel4you.de\/wp-content\/uploads\/vegetarisch_web-768x1024.jpg 768w, https:\/\/www.hotel4you.de\/wp-content\/uploads\/vegetarisch_web-225x300.jpg 225w, https:\/\/www.hotel4you.de\/wp-content\/uploads\/vegetarisch_web.jpg 1276w\" sizes=\"auto, (max-width: 768px) 100vw, 768px\" \/><\/div><\/div><\/div><\/div><div class=\"wpb_column vc_column_container\"><div class=\"vc_column-inner\"><div class=\"w-image align_none us_animate_afb\"><div class=\"w-image-h\"><img loading=\"lazy\" decoding=\"async\" width=\"768\" height=\"1024\" src=\"https:\/\/www.hotel4you.de\/wp-content\/uploads\/Spargel_web-768x1024.jpg\" class=\"attachment-large size-large\" alt=\"Starten Sie mit unserem veganen Fr\u00fchst\u00fcck in den Tag und genie\u00dfen Sie auch mittags und abends bunte, aromatische Gerichte \u2013 nachhaltig, kreativ und voller Liebe zubereitet.\" srcset=\"https:\/\/www.hotel4you.de\/wp-content\/uploads\/Spargel_web-768x1024.jpg 768w, https:\/\/www.hotel4you.de\/wp-content\/uploads\/Spargel_web-225x300.jpg 225w, https:\/\/www.hotel4you.de\/wp-content\/uploads\/Spargel_web.jpg 1276w\" sizes=\"auto, (max-width: 768px) 100vw, 768px\" \/><\/div><\/div><\/div><\/div><div class=\"wpb_column vc_column_container\"><div class=\"vc_column-inner\"><div class=\"w-image align_none us_animate_afb\"><div class=\"w-image-h\"><img loading=\"lazy\" decoding=\"async\" width=\"768\" height=\"1024\" src=\"https:\/\/www.hotel4you.de\/wp-content\/uploads\/Vegeta_1_web-768x1024.jpg\" class=\"attachment-large size-large\" alt=\"Starten Sie mit unserem veganen Fr\u00fchst\u00fcck in den Tag und genie\u00dfen Sie auch mittags und abends bunte, aromatische Gerichte \u2013 nachhaltig, kreativ und voller Liebe zubereitet.\" srcset=\"https:\/\/www.hotel4you.de\/wp-content\/uploads\/Vegeta_1_web-768x1024.jpg 768w, https:\/\/www.hotel4you.de\/wp-content\/uploads\/Vegeta_1_web-225x300.jpg 225w, https:\/\/www.hotel4you.de\/wp-content\/uploads\/Vegeta_1_web.jpg 1276w\" sizes=\"auto, (max-width: 768px) 100vw, 768px\" \/><\/div><\/div><\/div><\/div><\/div><\/div><\/section>\n","protected":false},"excerpt":{"rendered":"Even in the antiquity, the Greek philosopher Pythagoras pleaded or a vegetarian diet. VEGAN BREAKFAST Enjoy our vegan breakfast buffet. VEGAN AND VEGETARIAN CUISINE More and more people are eating vegan or vegetarian. We prove with our vegan and vegetarian cuisine that the renouncement of meat, milk, eggs, or any animal product, is by no...","protected":false},"author":1,"featured_media":0,"parent":0,"menu_order":0,"comment_status":"closed","ping_status":"closed","template":"","meta":{"footnotes":""},"class_list":["post-1258","page","type-page","status-publish","hentry"],"yoast_head":"<!-- This site is optimized with the Yoast SEO plugin v24.8.1 - https:\/\/yoast.com\/wordpress\/plugins\/seo\/ -->\n<title>VEGAN &amp; VEGATARIAN - ENJOY - hotel4you<\/title>\n<meta name=\"robots\" content=\"index, follow, max-snippet:-1, max-image-preview:large, max-video-preview:-1\" \/>\n<link rel=\"canonical\" href=\"https:\/\/www.hotel4you.de\/vegan-vegatarisch-geniessen\/\" \/>\n<meta property=\"og:locale\" content=\"en_US\" \/>\n<meta property=\"og:type\" content=\"article\" \/>\n<meta property=\"og:title\" content=\"VEGAN &amp; VEGATARIAN - ENJOY - hotel4you\" \/>\n<meta property=\"og:url\" content=\"https:\/\/www.hotel4you.de\/vegan-vegatarisch-geniessen\/\" \/>\n<meta property=\"og:site_name\" content=\"hotel4you\" \/>\n<meta property=\"article:modified_time\" content=\"2023-01-26T14:22:09+00:00\" \/>\n<meta name=\"twitter:card\" content=\"summary_large_image\" \/>\n<meta name=\"twitter:label1\" content=\"Est. reading time\" \/>\n\t<meta name=\"twitter:data1\" content=\"1 minute\" \/>\n<script type=\"application\/ld+json\" class=\"yoast-schema-graph\">{\"@context\":\"https:\/\/schema.org\",\"@graph\":[{\"@type\":\"WebPage\",\"@id\":\"https:\/\/www.hotel4you.de\/vegan-vegatarisch-geniessen\/\",\"url\":\"https:\/\/www.hotel4you.de\/vegan-vegatarisch-geniessen\/\",\"name\":\"VEGAN & VEGATARIAN - ENJOY - hotel4you\",\"isPartOf\":{\"@id\":\"https:\/\/www.hotel4you.de\/en\/#website\"},\"datePublished\":\"2017-07-11T09:59:45+00:00\",\"dateModified\":\"2023-01-26T14:22:09+00:00\",\"breadcrumb\":{\"@id\":\"https:\/\/www.hotel4you.de\/vegan-vegatarisch-geniessen\/#breadcrumb\"},\"inLanguage\":\"en-US\",\"potentialAction\":[{\"@type\":\"ReadAction\",\"target\":[\"https:\/\/www.hotel4you.de\/vegan-vegatarisch-geniessen\/\"]}]},{\"@type\":\"BreadcrumbList\",\"@id\":\"https:\/\/www.hotel4you.de\/vegan-vegatarisch-geniessen\/#breadcrumb\",\"itemListElement\":[{\"@type\":\"ListItem\",\"position\":1,\"name\":\"Home\",\"item\":\"https:\/\/www.hotel4you.de\/en\/\"},{\"@type\":\"ListItem\",\"position\":2,\"name\":\"VEGAN &#038; VEGATARIAN &#8211; ENJOY\"}]},{\"@type\":\"WebSite\",\"@id\":\"https:\/\/www.hotel4you.de\/en\/#website\",\"url\":\"https:\/\/www.hotel4you.de\/en\/\",\"name\":\"hotel4you\",\"description\":\"Offizieller Internetauftritt Hotel-Restaurant Zwergschl\u00f6sschen\",\"potentialAction\":[{\"@type\":\"SearchAction\",\"target\":{\"@type\":\"EntryPoint\",\"urlTemplate\":\"https:\/\/www.hotel4you.de\/en\/?s={search_term_string}\"},\"query-input\":{\"@type\":\"PropertyValueSpecification\",\"valueRequired\":true,\"valueName\":\"search_term_string\"}}],\"inLanguage\":\"en-US\"}]}<\/script>\n<!-- \/ Yoast SEO plugin. -->","yoast_head_json":{"title":"VEGAN & VEGATARIAN - ENJOY - hotel4you","robots":{"index":"index","follow":"follow","max-snippet":"max-snippet:-1","max-image-preview":"max-image-preview:large","max-video-preview":"max-video-preview:-1"},"canonical":"https:\/\/www.hotel4you.de\/vegan-vegatarisch-geniessen\/","og_locale":"en_US","og_type":"article","og_title":"VEGAN & VEGATARIAN - ENJOY - hotel4you","og_url":"https:\/\/www.hotel4you.de\/vegan-vegatarisch-geniessen\/","og_site_name":"hotel4you","article_modified_time":"2023-01-26T14:22:09+00:00","twitter_card":"summary_large_image","twitter_misc":{"Est. reading time":"1 minute"},"schema":{"@context":"https:\/\/schema.org","@graph":[{"@type":"WebPage","@id":"https:\/\/www.hotel4you.de\/vegan-vegatarisch-geniessen\/","url":"https:\/\/www.hotel4you.de\/vegan-vegatarisch-geniessen\/","name":"VEGAN & VEGATARIAN - ENJOY - hotel4you","isPartOf":{"@id":"https:\/\/www.hotel4you.de\/en\/#website"},"datePublished":"2017-07-11T09:59:45+00:00","dateModified":"2023-01-26T14:22:09+00:00","breadcrumb":{"@id":"https:\/\/www.hotel4you.de\/vegan-vegatarisch-geniessen\/#breadcrumb"},"inLanguage":"en-US","potentialAction":[{"@type":"ReadAction","target":["https:\/\/www.hotel4you.de\/vegan-vegatarisch-geniessen\/"]}]},{"@type":"BreadcrumbList","@id":"https:\/\/www.hotel4you.de\/vegan-vegatarisch-geniessen\/#breadcrumb","itemListElement":[{"@type":"ListItem","position":1,"name":"Home","item":"https:\/\/www.hotel4you.de\/en\/"},{"@type":"ListItem","position":2,"name":"VEGAN &#038; VEGATARIAN &#8211; ENJOY"}]},{"@type":"WebSite","@id":"https:\/\/www.hotel4you.de\/en\/#website","url":"https:\/\/www.hotel4you.de\/en\/","name":"hotel4you","description":"Offizieller Internetauftritt Hotel-Restaurant Zwergschl\u00f6sschen","potentialAction":[{"@type":"SearchAction","target":{"@type":"EntryPoint","urlTemplate":"https:\/\/www.hotel4you.de\/en\/?s={search_term_string}"},"query-input":{"@type":"PropertyValueSpecification","valueRequired":true,"valueName":"search_term_string"}}],"inLanguage":"en-US"}]}},"_links":{"self":[{"href":"https:\/\/www.hotel4you.de\/en\/wp-json\/wp\/v2\/pages\/1258","targetHints":{"allow":["GET"]}}],"collection":[{"href":"https:\/\/www.hotel4you.de\/en\/wp-json\/wp\/v2\/pages"}],"about":[{"href":"https:\/\/www.hotel4you.de\/en\/wp-json\/wp\/v2\/types\/page"}],"author":[{"embeddable":true,"href":"https:\/\/www.hotel4you.de\/en\/wp-json\/wp\/v2\/users\/1"}],"replies":[{"embeddable":true,"href":"https:\/\/www.hotel4you.de\/en\/wp-json\/wp\/v2\/comments?post=1258"}],"version-history":[{"count":4,"href":"https:\/\/www.hotel4you.de\/en\/wp-json\/wp\/v2\/pages\/1258\/revisions"}],"predecessor-version":[{"id":2824,"href":"https:\/\/www.hotel4you.de\/en\/wp-json\/wp\/v2\/pages\/1258\/revisions\/2824"}],"wp:attachment":[{"href":"https:\/\/www.hotel4you.de\/en\/wp-json\/wp\/v2\/media?parent=1258"}],"curies":[{"name":"wp","href":"https:\/\/api.w.org\/{rel}","templated":true}]}}