{"id":1267,"date":"2017-07-10T17:44:30","date_gmt":"2017-07-10T15:44:30","guid":{"rendered":"http:\/\/localhost\/hotel4you\/die-region-erleben\/"},"modified":"2023-01-26T15:22:10","modified_gmt":"2023-01-26T14:22:10","slug":"die-region-erleben","status":"publish","type":"page","link":"https:\/\/www.hotel4you.de\/en\/die-region-erleben\/","title":{"rendered":"THE REGION"},"content":{"rendered":"<section class=\"l-section wpb_row height_medium\"><div class=\"l-section-h i-cf\"><div class=\"g-cols vc_row via_grid cols_2 laptops-cols_inherit tablets-cols_inherit mobiles-cols_1 valign_top type_default stacking_default\"><div class=\"wpb_column vc_column_container\"><div class=\"vc_column-inner\"><div class=\"wpb_text_column\"><div class=\"wpb_wrapper\"><p>Gera offers a variety of excursion destinations. Its central location gives you the unique opportunity to visit cities from Thuringia to Saxony, Germany.<\/p>\n<p>Discover the diversity of Thuringia with the Thuringian Forest, its tradition with sports and science. Experience Saxony in all its facets.<\/p>\n<\/div><\/div><\/div><\/div><div class=\"wpb_column vc_column_container\"><div class=\"vc_column-inner\"><div class=\"w-image align_none us_animate_afr\"><div class=\"w-image-h\"><img loading=\"lazy\" decoding=\"async\" width=\"1024\" height=\"512\" src=\"https:\/\/www.hotel4you.de\/wp-content\/uploads\/Karte_Region_web-1024x512.png\" class=\"attachment-large size-large\" alt=\"\" srcset=\"https:\/\/www.hotel4you.de\/wp-content\/uploads\/Karte_Region_web-1024x512.png 1024w, https:\/\/www.hotel4you.de\/wp-content\/uploads\/Karte_Region_web-300x150.png 300w, https:\/\/www.hotel4you.de\/wp-content\/uploads\/Karte_Region_web-768x384.png 768w, https:\/\/www.hotel4you.de\/wp-content\/uploads\/Karte_Region_web.png 1607w\" sizes=\"auto, (max-width: 1024px) 100vw, 1024px\" \/><\/div><\/div><\/div><\/div><\/div><\/div><\/section><section class=\"l-section wpb_row height_medium\"><div class=\"l-section-h i-cf\"><div class=\"g-cols vc_row via_grid cols_3 laptops-cols_inherit tablets-cols_inherit mobiles-cols_1 valign_top type_default stacking_default\"><div class=\"wpb_column vc_column_container\"><div class=\"vc_column-inner\"><div class=\"w-image align_none meta_simple us_animate_afb\"><div class=\"w-image-h\"><img loading=\"lazy\" decoding=\"async\" width=\"566\" height=\"848\" src=\"https:\/\/www.hotel4you.de\/wp-content\/uploads\/Jena_web.jpg\" class=\"attachment-large size-large\" alt=\"\" srcset=\"https:\/\/www.hotel4you.de\/wp-content\/uploads\/Jena_web.jpg 566w, https:\/\/www.hotel4you.de\/wp-content\/uploads\/Jena_web-200x300.jpg 200w\" sizes=\"auto, (max-width: 566px) 100vw, 566px\" \/><\/div><div class=\"w-image-meta\"><div class=\"w-image-title\">Johann Friedrich Denkmal Jena<\/div><\/div><\/div><\/div><\/div><div class=\"wpb_column vc_column_container\"><div class=\"vc_column-inner\"><div class=\"w-image align_none meta_simple us_animate_afb\"><div class=\"w-image-h\"><img loading=\"lazy\" decoding=\"async\" width=\"566\" height=\"849\" src=\"https:\/\/www.hotel4you.de\/wp-content\/uploads\/Erfurt_web.jpg\" class=\"attachment-large size-large\" alt=\"\" srcset=\"https:\/\/www.hotel4you.de\/wp-content\/uploads\/Erfurt_web.jpg 566w, https:\/\/www.hotel4you.de\/wp-content\/uploads\/Erfurt_web-200x300.jpg 200w\" sizes=\"auto, (max-width: 566px) 100vw, 566px\" \/><\/div><div class=\"w-image-meta\"><div class=\"w-image-title\">Kr\u00e4merbr\u00fccke Erfurt<\/div><\/div><\/div><\/div><\/div><div class=\"wpb_column vc_column_container\"><div class=\"vc_column-inner\"><div class=\"w-image align_none meta_simple us_animate_afb\"><div class=\"w-image-h\"><img loading=\"lazy\" decoding=\"async\" width=\"566\" height=\"849\" src=\"https:\/\/www.hotel4you.de\/wp-content\/uploads\/Rennsteig_web.jpg\" class=\"attachment-large size-large\" alt=\"\" srcset=\"https:\/\/www.hotel4you.de\/wp-content\/uploads\/Rennsteig_web.jpg 566w, https:\/\/www.hotel4you.de\/wp-content\/uploads\/Rennsteig_web-200x300.jpg 200w\" sizes=\"auto, (max-width: 566px) 100vw, 566px\" \/><\/div><div class=\"w-image-meta\"><div class=\"w-image-title\">Rennsteig Oberhof<\/div><\/div><\/div><\/div><\/div><\/div><\/div><\/section><section class=\"l-section wpb_row height_medium\"><div class=\"l-section-h i-cf\"><div class=\"g-cols vc_row via_grid cols_3 laptops-cols_inherit tablets-cols_inherit mobiles-cols_1 valign_top type_default stacking_default\"><div class=\"wpb_column vc_column_container\"><div class=\"vc_column-inner\"><div class=\"w-image align_none meta_simple us_animate_afb\"><div class=\"w-image-h\"><img loading=\"lazy\" decoding=\"async\" width=\"850\" height=\"565\" src=\"https:\/\/www.hotel4you.de\/wp-content\/uploads\/Weimar_web.jpg\" class=\"attachment-large size-large\" alt=\"\" srcset=\"https:\/\/www.hotel4you.de\/wp-content\/uploads\/Weimar_web.jpg 850w, https:\/\/www.hotel4you.de\/wp-content\/uploads\/Weimar_web-300x199.jpg 300w, https:\/\/www.hotel4you.de\/wp-content\/uploads\/Weimar_web-768x510.jpg 768w\" sizes=\"auto, (max-width: 850px) 100vw, 850px\" \/><\/div><div class=\"w-image-meta\"><div class=\"w-image-title\">Nationaltheater Weimar<\/div><\/div><\/div><\/div><\/div><div class=\"wpb_column vc_column_container\"><div class=\"vc_column-inner\"><div class=\"w-image align_none meta_simple us_animate_afb\"><div class=\"w-image-h\"><img loading=\"lazy\" decoding=\"async\" width=\"849\" height=\"566\" src=\"https:\/\/www.hotel4you.de\/wp-content\/uploads\/Saalfeld_web.jpg\" class=\"attachment-large size-large\" alt=\"\" srcset=\"https:\/\/www.hotel4you.de\/wp-content\/uploads\/Saalfeld_web.jpg 849w, https:\/\/www.hotel4you.de\/wp-content\/uploads\/Saalfeld_web-300x200.jpg 300w, https:\/\/www.hotel4you.de\/wp-content\/uploads\/Saalfeld_web-768x512.jpg 768w\" sizes=\"auto, (max-width: 849px) 100vw, 849px\" \/><\/div><div class=\"w-image-meta\"><div class=\"w-image-title\">Feengrotten Saalfeld<\/div><\/div><\/div><\/div><\/div><div class=\"wpb_column vc_column_container\"><div class=\"vc_column-inner\"><div class=\"w-image align_none meta_simple us_animate_afb\"><div class=\"w-image-h\"><img loading=\"lazy\" decoding=\"async\" width=\"854\" height=\"562\" src=\"https:\/\/www.hotel4you.de\/wp-content\/uploads\/Leipzig_web.jpg\" class=\"attachment-large size-large\" alt=\"\" srcset=\"https:\/\/www.hotel4you.de\/wp-content\/uploads\/Leipzig_web.jpg 854w, https:\/\/www.hotel4you.de\/wp-content\/uploads\/Leipzig_web-300x197.jpg 300w, https:\/\/www.hotel4you.de\/wp-content\/uploads\/Leipzig_web-768x505.jpg 768w\" sizes=\"auto, (max-width: 854px) 100vw, 854px\" \/><\/div><div class=\"w-image-meta\"><div class=\"w-image-title\">Leipzig<\/div><\/div><\/div><\/div><\/div><\/div><\/div><\/section><section class=\"l-section wpb_row height_medium\"><div class=\"l-section-h i-cf\"><div class=\"g-cols vc_row via_grid cols_3 laptops-cols_inherit tablets-cols_inherit mobiles-cols_1 valign_top type_default stacking_default\"><div class=\"wpb_column vc_column_container\"><div class=\"vc_column-inner\"><div class=\"w-image align_none meta_simple us_animate_afb\"><div class=\"w-image-h\"><img loading=\"lazy\" decoding=\"async\" width=\"836\" height=\"574\" src=\"https:\/\/www.hotel4you.de\/wp-content\/uploads\/Dresden_web.jpg\" class=\"attachment-large size-large\" alt=\"\" srcset=\"https:\/\/www.hotel4you.de\/wp-content\/uploads\/Dresden_web.jpg 836w, https:\/\/www.hotel4you.de\/wp-content\/uploads\/Dresden_web-300x206.jpg 300w, https:\/\/www.hotel4you.de\/wp-content\/uploads\/Dresden_web-768x527.jpg 768w\" sizes=\"auto, (max-width: 836px) 100vw, 836px\" \/><\/div><div class=\"w-image-meta\"><div class=\"w-image-title\">Elbflorenz Dresden<\/div><\/div><\/div><\/div><\/div><div class=\"wpb_column vc_column_container\"><div class=\"vc_column-inner\"><div class=\"w-image align_none meta_simple us_animate_afb\"><div class=\"w-image-h\"><img loading=\"lazy\" decoding=\"async\" width=\"849\" height=\"566\" src=\"https:\/\/www.hotel4you.de\/wp-content\/uploads\/Meissen_web.jpg\" class=\"attachment-large size-large\" alt=\"\" srcset=\"https:\/\/www.hotel4you.de\/wp-content\/uploads\/Meissen_web.jpg 849w, https:\/\/www.hotel4you.de\/wp-content\/uploads\/Meissen_web-300x200.jpg 300w, https:\/\/www.hotel4you.de\/wp-content\/uploads\/Meissen_web-768x512.jpg 768w\" sizes=\"auto, (max-width: 849px) 100vw, 849px\" \/><\/div><div class=\"w-image-meta\"><div class=\"w-image-title\">Stadt Mei\u00dfen<\/div><\/div><\/div><\/div><\/div><div class=\"wpb_column vc_column_container\"><div class=\"vc_column-inner\"><div class=\"w-image align_none meta_simple us_animate_afb\"><div class=\"w-image-h\"><img loading=\"lazy\" decoding=\"async\" width=\"850\" height=\"565\" src=\"https:\/\/www.hotel4you.de\/wp-content\/uploads\/Lauscha_web.jpg\" class=\"attachment-large size-large\" alt=\"\" srcset=\"https:\/\/www.hotel4you.de\/wp-content\/uploads\/Lauscha_web.jpg 850w, https:\/\/www.hotel4you.de\/wp-content\/uploads\/Lauscha_web-300x199.jpg 300w, https:\/\/www.hotel4you.de\/wp-content\/uploads\/Lauscha_web-768x510.jpg 768w\" sizes=\"auto, (max-width: 850px) 100vw, 850px\" \/><\/div><div class=\"w-image-meta\"><div class=\"w-image-title\">Glasbl\u00e4serei Lauscha<\/div><\/div><\/div><\/div><\/div><\/div><\/div><\/section>\n","protected":false},"excerpt":{"rendered":"Gera offers a variety of excursion destinations. Its central location gives you the unique opportunity to visit cities from Thuringia to Saxony, Germany. Discover the diversity of Thuringia with the Thuringian Forest, its tradition with sports and science. Experience Saxony in all its facets. Johann Friedrich Denkmal JenaKr\u00e4merbr\u00fccke ErfurtRennsteig OberhofNationaltheater WeimarFeengrotten SaalfeldLeipzigElbflorenz DresdenStadt Mei\u00dfenGlasbl\u00e4serei Lauscha","protected":false},"author":1,"featured_media":0,"parent":0,"menu_order":0,"comment_status":"closed","ping_status":"closed","template":"","meta":{"footnotes":""},"class_list":["post-1267","page","type-page","status-publish","hentry"],"yoast_head":"<!-- This site is optimized with the Yoast SEO plugin v24.8.1 - https:\/\/yoast.com\/wordpress\/plugins\/seo\/ -->\n<title>THE REGION - hotel4you<\/title>\n<meta name=\"robots\" content=\"index, follow, max-snippet:-1, max-image-preview:large, max-video-preview:-1\" \/>\n<link rel=\"canonical\" href=\"https:\/\/www.hotel4you.de\/die-region-erleben\/\" \/>\n<meta property=\"og:locale\" content=\"en_US\" \/>\n<meta property=\"og:type\" content=\"article\" \/>\n<meta property=\"og:title\" content=\"THE REGION - hotel4you\" \/>\n<meta property=\"og:url\" content=\"https:\/\/www.hotel4you.de\/die-region-erleben\/\" \/>\n<meta property=\"og:site_name\" content=\"hotel4you\" \/>\n<meta property=\"article:modified_time\" content=\"2023-01-26T14:22:10+00:00\" \/>\n<meta name=\"twitter:card\" content=\"summary_large_image\" \/>\n<meta name=\"twitter:label1\" content=\"Est. reading time\" \/>\n\t<meta name=\"twitter:data1\" content=\"1 minute\" \/>\n<script type=\"application\/ld+json\" class=\"yoast-schema-graph\">{\"@context\":\"https:\/\/schema.org\",\"@graph\":[{\"@type\":\"WebPage\",\"@id\":\"https:\/\/www.hotel4you.de\/die-region-erleben\/\",\"url\":\"https:\/\/www.hotel4you.de\/die-region-erleben\/\",\"name\":\"THE REGION - hotel4you\",\"isPartOf\":{\"@id\":\"https:\/\/www.hotel4you.de\/en\/#website\"},\"datePublished\":\"2017-07-10T15:44:30+00:00\",\"dateModified\":\"2023-01-26T14:22:10+00:00\",\"breadcrumb\":{\"@id\":\"https:\/\/www.hotel4you.de\/die-region-erleben\/#breadcrumb\"},\"inLanguage\":\"en-US\",\"potentialAction\":[{\"@type\":\"ReadAction\",\"target\":[\"https:\/\/www.hotel4you.de\/die-region-erleben\/\"]}]},{\"@type\":\"BreadcrumbList\",\"@id\":\"https:\/\/www.hotel4you.de\/die-region-erleben\/#breadcrumb\",\"itemListElement\":[{\"@type\":\"ListItem\",\"position\":1,\"name\":\"Home\",\"item\":\"https:\/\/www.hotel4you.de\/en\/\"},{\"@type\":\"ListItem\",\"position\":2,\"name\":\"THE REGION\"}]},{\"@type\":\"WebSite\",\"@id\":\"https:\/\/www.hotel4you.de\/en\/#website\",\"url\":\"https:\/\/www.hotel4you.de\/en\/\",\"name\":\"hotel4you\",\"description\":\"Offizieller Internetauftritt Hotel-Restaurant Zwergschl\u00f6sschen\",\"potentialAction\":[{\"@type\":\"SearchAction\",\"target\":{\"@type\":\"EntryPoint\",\"urlTemplate\":\"https:\/\/www.hotel4you.de\/en\/?s={search_term_string}\"},\"query-input\":{\"@type\":\"PropertyValueSpecification\",\"valueRequired\":true,\"valueName\":\"search_term_string\"}}],\"inLanguage\":\"en-US\"}]}<\/script>\n<!-- \/ Yoast SEO plugin. -->","yoast_head_json":{"title":"THE REGION - hotel4you","robots":{"index":"index","follow":"follow","max-snippet":"max-snippet:-1","max-image-preview":"max-image-preview:large","max-video-preview":"max-video-preview:-1"},"canonical":"https:\/\/www.hotel4you.de\/die-region-erleben\/","og_locale":"en_US","og_type":"article","og_title":"THE REGION - hotel4you","og_url":"https:\/\/www.hotel4you.de\/die-region-erleben\/","og_site_name":"hotel4you","article_modified_time":"2023-01-26T14:22:10+00:00","twitter_card":"summary_large_image","twitter_misc":{"Est. reading time":"1 minute"},"schema":{"@context":"https:\/\/schema.org","@graph":[{"@type":"WebPage","@id":"https:\/\/www.hotel4you.de\/die-region-erleben\/","url":"https:\/\/www.hotel4you.de\/die-region-erleben\/","name":"THE REGION - hotel4you","isPartOf":{"@id":"https:\/\/www.hotel4you.de\/en\/#website"},"datePublished":"2017-07-10T15:44:30+00:00","dateModified":"2023-01-26T14:22:10+00:00","breadcrumb":{"@id":"https:\/\/www.hotel4you.de\/die-region-erleben\/#breadcrumb"},"inLanguage":"en-US","potentialAction":[{"@type":"ReadAction","target":["https:\/\/www.hotel4you.de\/die-region-erleben\/"]}]},{"@type":"BreadcrumbList","@id":"https:\/\/www.hotel4you.de\/die-region-erleben\/#breadcrumb","itemListElement":[{"@type":"ListItem","position":1,"name":"Home","item":"https:\/\/www.hotel4you.de\/en\/"},{"@type":"ListItem","position":2,"name":"THE REGION"}]},{"@type":"WebSite","@id":"https:\/\/www.hotel4you.de\/en\/#website","url":"https:\/\/www.hotel4you.de\/en\/","name":"hotel4you","description":"Offizieller Internetauftritt Hotel-Restaurant Zwergschl\u00f6sschen","potentialAction":[{"@type":"SearchAction","target":{"@type":"EntryPoint","urlTemplate":"https:\/\/www.hotel4you.de\/en\/?s={search_term_string}"},"query-input":{"@type":"PropertyValueSpecification","valueRequired":true,"valueName":"search_term_string"}}],"inLanguage":"en-US"}]}},"_links":{"self":[{"href":"https:\/\/www.hotel4you.de\/en\/wp-json\/wp\/v2\/pages\/1267","targetHints":{"allow":["GET"]}}],"collection":[{"href":"https:\/\/www.hotel4you.de\/en\/wp-json\/wp\/v2\/pages"}],"about":[{"href":"https:\/\/www.hotel4you.de\/en\/wp-json\/wp\/v2\/types\/page"}],"author":[{"embeddable":true,"href":"https:\/\/www.hotel4you.de\/en\/wp-json\/wp\/v2\/users\/1"}],"replies":[{"embeddable":true,"href":"https:\/\/www.hotel4you.de\/en\/wp-json\/wp\/v2\/comments?post=1267"}],"version-history":[{"count":3,"href":"https:\/\/www.hotel4you.de\/en\/wp-json\/wp\/v2\/pages\/1267\/revisions"}],"predecessor-version":[{"id":2826,"href":"https:\/\/www.hotel4you.de\/en\/wp-json\/wp\/v2\/pages\/1267\/revisions\/2826"}],"wp:attachment":[{"href":"https:\/\/www.hotel4you.de\/en\/wp-json\/wp\/v2\/media?parent=1267"}],"curies":[{"name":"wp","href":"https:\/\/api.w.org\/{rel}","templated":true}]}}