{"id":1279,"date":"2017-11-05T17:33:06","date_gmt":"2017-11-05T16:33:06","guid":{"rendered":"http:\/\/localhost\/hotel4you\/elsterdamm-47-km\/"},"modified":"2023-01-26T15:22:10","modified_gmt":"2023-01-26T14:22:10","slug":"elsterdamm-47-km","status":"publish","type":"page","link":"https:\/\/www.hotel4you.de\/en\/elsterdamm-47-km\/","title":{"rendered":"ELSTERDAMM &#8211; 4,7 KM"},"content":{"rendered":"<section class=\"l-section wpb_row height_medium\"><div class=\"l-section-h i-cf\"><div class=\"g-cols vc_row via_grid cols_2-1 laptops-cols_inherit tablets-cols_inherit mobiles-cols_1 valign_top type_default stacking_default\"><div class=\"wpb_column vc_column_container\"><div class=\"vc_column-inner\"><div class=\"w-slider style_none fit_scaledown\"><div class=\"w-slider-h\"><div class=\"royalSlider\"><div class=\"rsContent\"><a class=\"rsImg\" data-rsw=\"1024\" data-rsh=\"482\" href=\"https:\/\/www.hotel4you.de\/wp-content\/uploads\/Elsterdamm_4_web-1024x482.jpg\"><span data-alt=\"\"><\/span><\/a><\/div><div class=\"rsContent\"><a class=\"rsImg\" data-rsw=\"1024\" data-rsh=\"482\" href=\"https:\/\/www.hotel4you.de\/wp-content\/uploads\/Elsterdamm_3_web-1024x482.jpg\"><span data-alt=\"\"><\/span><\/a><\/div><div class=\"rsContent\"><a class=\"rsImg\" data-rsw=\"1024\" data-rsh=\"482\" href=\"https:\/\/www.hotel4you.de\/wp-content\/uploads\/Elsterdamm_2_web-1024x482.jpg\"><span data-alt=\"\"><\/span><\/a><\/div><div class=\"rsContent\"><a class=\"rsImg\" data-rsw=\"1024\" data-rsh=\"482\" href=\"https:\/\/www.hotel4you.de\/wp-content\/uploads\/Elsterdamm_1_web-1024x482.jpg\"><span data-alt=\"\"><\/span><\/a><\/div><\/div><img decoding=\"async\" src=\"https:\/\/www.hotel4you.de\/wp-content\/uploads\/Elsterdamm_4_web-1024x482.jpg\" width=\"1024\" height=\"482\" alt loading=\"lazy\"><\/div><div class=\"w-slider-json\" onclick='return {&quot;loop&quot;:true,&quot;fadeInLoadedSlide&quot;:false,&quot;slidesSpacing&quot;:0,&quot;imageScalePadding&quot;:0,&quot;numImagesToPreload&quot;:2,&quot;arrowsNav&quot;:true,&quot;arrowsNavAutoHide&quot;:true,&quot;transitionType&quot;:&quot;fade&quot;,&quot;transitionSpeed&quot;:250,&quot;block&quot;:{&quot;moveEffect&quot;:&quot;none&quot;,&quot;speed&quot;:300},&quot;controlNavigation&quot;:&quot;none&quot;,&quot;autoplay&quot;:{&quot;enabled&quot;:true,&quot;pauseOnHover&quot;:true,&quot;delay&quot;:4000},&quot;imageScaleMode&quot;:&quot;fit-if-smaller&quot;,&quot;autoScaleSlider&quot;:true,&quot;autoScaleSliderWidth&quot;:1024,&quot;autoScaleSliderHeight&quot;:482,&quot;fitInViewport&quot;:false}'><\/div><\/div><\/div><\/div><div class=\"wpb_column vc_column_container\"><div class=\"vc_column-inner\"><div class=\"w-image align_none us_animate_afr\"><div class=\"w-image-h\"><img loading=\"lazy\" decoding=\"async\" width=\"880\" height=\"487\" src=\"https:\/\/www.hotel4you.de\/wp-content\/uploads\/Hoehenprofil_Elsterdamm_web.jpg\" class=\"attachment-large size-large\" alt=\"\" srcset=\"https:\/\/www.hotel4you.de\/wp-content\/uploads\/Hoehenprofil_Elsterdamm_web.jpg 880w, https:\/\/www.hotel4you.de\/wp-content\/uploads\/Hoehenprofil_Elsterdamm_web-300x166.jpg 300w, https:\/\/www.hotel4you.de\/wp-content\/uploads\/Hoehenprofil_Elsterdamm_web-768x425.jpg 768w\" sizes=\"auto, (max-width: 880px) 100vw, 880px\" \/><\/div><\/div><div class=\"g-cols wpb_row via_grid cols_1 laptops-cols_inherit tablets-cols_inherit mobiles-cols_1 valign_top type_default stacking_default\"><div class=\"wpb_column vc_column_container\"><div class=\"vc_column-inner\"><\/div><\/div><\/div><div class=\"w-btn-wrapper align_center\"><a class=\"w-btn us-btn-style_1\" target=\"_blank\" href=\"http:\/\/localhost\/hotel4you\/wp-content\/uploads\/Strecke_Elsterdamm.pdf\" rel=\"noopener\"><span class=\"w-btn-label\">ROUTENPLAN<\/span><\/a><\/div><\/div><\/div><\/div><\/div><\/section><section class=\"l-section wpb_row height_medium\"><div class=\"l-section-h i-cf\"><div class=\"g-cols vc_row via_grid cols_2-1 laptops-cols_inherit tablets-cols_inherit mobiles-cols_1 valign_top type_default stacking_default\"><div class=\"wpb_column vc_column_container\"><div class=\"vc_column-inner\"><div class=\"wpb_text_column\"><div class=\"wpb_wrapper\"><h4>JOGGING ROUTE ZWERGSCHL\u00d6SSCHEN &#8211; ELSTERDAMM<strong><br \/>\n<\/strong><\/h4>\n<p><strong>Length: approx. 4.7 km<\/strong><\/p>\n<p>Zwergschl\u00f6sschen &#8211; change the road to the levee in front of the dwelling house &#8211; the dirt road to levee &#8211; to levee turn left &#8211; cross the bridge &#8211; turn right along levee &#8211; turn right at the first yellow lamp in the Leibnizstra\u00dfe &#8211; cross the Elster &#8211; turn left on the levee along the residential settlement Untermhaus &#8211; turn left at the last residential building &#8211; back over the dirt road &#8211; Zwergschl\u00f6sschen<\/p>\n<p><strong>Alternative route on &#8220;muddy&#8221; days<\/strong><\/p>\n<p>Zwergschl\u00f6sschen &#8211; turn left into the levee (&#8220;Elsterdamm&#8221;), follow the levee and turn right into the levee, turn right into the Leibnizstra\u00dfe bus to the right &#8211; cross the yellow city railway bridge over the Wei\u00dfe Elster &#8211; back over Conradstra\u00dfe &#8211; Untermh\u00e4user Stra\u00dfe &#8211; Zwergschl\u00f6sschen<\/p>\n<\/div><\/div><\/div><\/div><div class=\"wpb_column vc_column_container\"><div class=\"vc_column-inner\"><div class=\"w-image align_none us_animate_afr\"><div class=\"w-image-h\"><img loading=\"lazy\" decoding=\"async\" width=\"751\" height=\"950\" src=\"https:\/\/www.hotel4you.de\/wp-content\/uploads\/Strecke_Elsterdamm_web.jpg\" class=\"attachment-large size-large\" alt=\"\" srcset=\"https:\/\/www.hotel4you.de\/wp-content\/uploads\/Strecke_Elsterdamm_web.jpg 751w, https:\/\/www.hotel4you.de\/wp-content\/uploads\/Strecke_Elsterdamm_web-237x300.jpg 237w\" sizes=\"auto, (max-width: 751px) 100vw, 751px\" \/><\/div><\/div><\/div><\/div><\/div><\/div><\/section>\n","protected":false},"excerpt":{"rendered":"ROUTENPLANJOGGING ROUTE ZWERGSCHL\u00d6SSCHEN &#8211; ELSTERDAMM Length: approx. 4.7 km Zwergschl\u00f6sschen &#8211; change the road to the levee in front of the dwelling house &#8211; the dirt road to levee &#8211; to levee turn left &#8211; cross the bridge &#8211; turn right along levee &#8211; turn right at the first yellow lamp in the Leibnizstra\u00dfe &#8211;...","protected":false},"author":1,"featured_media":0,"parent":0,"menu_order":0,"comment_status":"closed","ping_status":"closed","template":"","meta":{"footnotes":""},"class_list":["post-1279","page","type-page","status-publish","hentry"],"yoast_head":"<!-- This site is optimized with the Yoast SEO plugin v24.8.1 - https:\/\/yoast.com\/wordpress\/plugins\/seo\/ -->\n<title>ELSTERDAMM - 4,7 KM - hotel4you<\/title>\n<meta name=\"robots\" content=\"index, follow, max-snippet:-1, max-image-preview:large, max-video-preview:-1\" \/>\n<link rel=\"canonical\" href=\"https:\/\/www.hotel4you.de\/elsterdamm-47-km\/\" \/>\n<meta property=\"og:locale\" content=\"en_US\" \/>\n<meta property=\"og:type\" content=\"article\" \/>\n<meta property=\"og:title\" content=\"ELSTERDAMM - 4,7 KM - hotel4you\" \/>\n<meta property=\"og:url\" content=\"https:\/\/www.hotel4you.de\/elsterdamm-47-km\/\" \/>\n<meta property=\"og:site_name\" content=\"hotel4you\" \/>\n<meta property=\"article:modified_time\" content=\"2023-01-26T14:22:10+00:00\" \/>\n<meta name=\"twitter:card\" content=\"summary_large_image\" \/>\n<meta name=\"twitter:label1\" content=\"Est. reading time\" \/>\n\t<meta name=\"twitter:data1\" content=\"1 minute\" \/>\n<script type=\"application\/ld+json\" class=\"yoast-schema-graph\">{\"@context\":\"https:\/\/schema.org\",\"@graph\":[{\"@type\":\"WebPage\",\"@id\":\"https:\/\/www.hotel4you.de\/elsterdamm-47-km\/\",\"url\":\"https:\/\/www.hotel4you.de\/elsterdamm-47-km\/\",\"name\":\"ELSTERDAMM - 4,7 KM - hotel4you\",\"isPartOf\":{\"@id\":\"https:\/\/www.hotel4you.de\/en\/#website\"},\"datePublished\":\"2017-11-05T16:33:06+00:00\",\"dateModified\":\"2023-01-26T14:22:10+00:00\",\"breadcrumb\":{\"@id\":\"https:\/\/www.hotel4you.de\/elsterdamm-47-km\/#breadcrumb\"},\"inLanguage\":\"en-US\",\"potentialAction\":[{\"@type\":\"ReadAction\",\"target\":[\"https:\/\/www.hotel4you.de\/elsterdamm-47-km\/\"]}]},{\"@type\":\"BreadcrumbList\",\"@id\":\"https:\/\/www.hotel4you.de\/elsterdamm-47-km\/#breadcrumb\",\"itemListElement\":[{\"@type\":\"ListItem\",\"position\":1,\"name\":\"Home\",\"item\":\"https:\/\/www.hotel4you.de\/en\/\"},{\"@type\":\"ListItem\",\"position\":2,\"name\":\"ELSTERDAMM &#8211; 4,7 KM\"}]},{\"@type\":\"WebSite\",\"@id\":\"https:\/\/www.hotel4you.de\/en\/#website\",\"url\":\"https:\/\/www.hotel4you.de\/en\/\",\"name\":\"hotel4you\",\"description\":\"Offizieller Internetauftritt Hotel-Restaurant Zwergschl\u00f6sschen\",\"potentialAction\":[{\"@type\":\"SearchAction\",\"target\":{\"@type\":\"EntryPoint\",\"urlTemplate\":\"https:\/\/www.hotel4you.de\/en\/?s={search_term_string}\"},\"query-input\":{\"@type\":\"PropertyValueSpecification\",\"valueRequired\":true,\"valueName\":\"search_term_string\"}}],\"inLanguage\":\"en-US\"}]}<\/script>\n<!-- \/ Yoast SEO plugin. -->","yoast_head_json":{"title":"ELSTERDAMM - 4,7 KM - hotel4you","robots":{"index":"index","follow":"follow","max-snippet":"max-snippet:-1","max-image-preview":"max-image-preview:large","max-video-preview":"max-video-preview:-1"},"canonical":"https:\/\/www.hotel4you.de\/elsterdamm-47-km\/","og_locale":"en_US","og_type":"article","og_title":"ELSTERDAMM - 4,7 KM - hotel4you","og_url":"https:\/\/www.hotel4you.de\/elsterdamm-47-km\/","og_site_name":"hotel4you","article_modified_time":"2023-01-26T14:22:10+00:00","twitter_card":"summary_large_image","twitter_misc":{"Est. reading time":"1 minute"},"schema":{"@context":"https:\/\/schema.org","@graph":[{"@type":"WebPage","@id":"https:\/\/www.hotel4you.de\/elsterdamm-47-km\/","url":"https:\/\/www.hotel4you.de\/elsterdamm-47-km\/","name":"ELSTERDAMM - 4,7 KM - hotel4you","isPartOf":{"@id":"https:\/\/www.hotel4you.de\/en\/#website"},"datePublished":"2017-11-05T16:33:06+00:00","dateModified":"2023-01-26T14:22:10+00:00","breadcrumb":{"@id":"https:\/\/www.hotel4you.de\/elsterdamm-47-km\/#breadcrumb"},"inLanguage":"en-US","potentialAction":[{"@type":"ReadAction","target":["https:\/\/www.hotel4you.de\/elsterdamm-47-km\/"]}]},{"@type":"BreadcrumbList","@id":"https:\/\/www.hotel4you.de\/elsterdamm-47-km\/#breadcrumb","itemListElement":[{"@type":"ListItem","position":1,"name":"Home","item":"https:\/\/www.hotel4you.de\/en\/"},{"@type":"ListItem","position":2,"name":"ELSTERDAMM &#8211; 4,7 KM"}]},{"@type":"WebSite","@id":"https:\/\/www.hotel4you.de\/en\/#website","url":"https:\/\/www.hotel4you.de\/en\/","name":"hotel4you","description":"Offizieller Internetauftritt Hotel-Restaurant Zwergschl\u00f6sschen","potentialAction":[{"@type":"SearchAction","target":{"@type":"EntryPoint","urlTemplate":"https:\/\/www.hotel4you.de\/en\/?s={search_term_string}"},"query-input":{"@type":"PropertyValueSpecification","valueRequired":true,"valueName":"search_term_string"}}],"inLanguage":"en-US"}]}},"_links":{"self":[{"href":"https:\/\/www.hotel4you.de\/en\/wp-json\/wp\/v2\/pages\/1279","targetHints":{"allow":["GET"]}}],"collection":[{"href":"https:\/\/www.hotel4you.de\/en\/wp-json\/wp\/v2\/pages"}],"about":[{"href":"https:\/\/www.hotel4you.de\/en\/wp-json\/wp\/v2\/types\/page"}],"author":[{"embeddable":true,"href":"https:\/\/www.hotel4you.de\/en\/wp-json\/wp\/v2\/users\/1"}],"replies":[{"embeddable":true,"href":"https:\/\/www.hotel4you.de\/en\/wp-json\/wp\/v2\/comments?post=1279"}],"version-history":[{"count":4,"href":"https:\/\/www.hotel4you.de\/en\/wp-json\/wp\/v2\/pages\/1279\/revisions"}],"predecessor-version":[{"id":2829,"href":"https:\/\/www.hotel4you.de\/en\/wp-json\/wp\/v2\/pages\/1279\/revisions\/2829"}],"wp:attachment":[{"href":"https:\/\/www.hotel4you.de\/en\/wp-json\/wp\/v2\/media?parent=1279"}],"curies":[{"name":"wp","href":"https:\/\/api.w.org\/{rel}","templated":true}]}}