{"id":1285,"date":"2017-07-10T17:43:29","date_gmt":"2017-07-10T15:43:29","guid":{"rendered":"http:\/\/localhost\/hotel4you\/radwege\/"},"modified":"2023-01-26T15:22:11","modified_gmt":"2023-01-26T14:22:11","slug":"radwege","status":"publish","type":"page","link":"https:\/\/www.hotel4you.de\/en\/radwege\/","title":{"rendered":"CYCLE TRACKS"},"content":{"rendered":"<section class=\"l-section wpb_row height_medium\"><div class=\"l-section-h i-cf\"><div class=\"g-cols vc_row via_grid cols_3 laptops-cols_inherit tablets-cols_inherit mobiles-cols_1 valign_top type_default stacking_default\"><div class=\"wpb_column vc_column_container\"><div class=\"vc_column-inner\"><div class=\"wpb_text_column\"><div class=\"wpb_wrapper\"><p>From the Zwergschl\u00f6sschen you have a direct view over the floodplains of the White Elster and their cycle paths. Discover our recommended routes and be enchanted by the varied landscape.<\/p>\n<\/div><\/div><\/div><\/div><div class=\"wpb_column vc_column_container\"><div class=\"vc_column-inner\"><div class=\"w-image align_none us_animate_afb\"><div class=\"w-image-h\"><img loading=\"lazy\" decoding=\"async\" width=\"850\" height=\"567\" src=\"https:\/\/www.hotel4you.de\/wp-content\/uploads\/Radwege_4_web.jpg\" class=\"attachment-large size-large\" alt=\"\" srcset=\"https:\/\/www.hotel4you.de\/wp-content\/uploads\/Radwege_4_web.jpg 850w, https:\/\/www.hotel4you.de\/wp-content\/uploads\/Radwege_4_web-300x200.jpg 300w, https:\/\/www.hotel4you.de\/wp-content\/uploads\/Radwege_4_web-768x512.jpg 768w\" sizes=\"auto, (max-width: 850px) 100vw, 850px\" \/><\/div><\/div><\/div><\/div><div class=\"wpb_column vc_column_container\"><div class=\"vc_column-inner\"><div class=\"w-image align_none us_animate_afb\"><div class=\"w-image-h\"><img loading=\"lazy\" decoding=\"async\" width=\"850\" height=\"567\" src=\"https:\/\/www.hotel4you.de\/wp-content\/uploads\/Radwege_3_web.jpg\" class=\"attachment-full size-full\" alt=\"\" srcset=\"https:\/\/www.hotel4you.de\/wp-content\/uploads\/Radwege_3_web.jpg 850w, https:\/\/www.hotel4you.de\/wp-content\/uploads\/Radwege_3_web-300x200.jpg 300w, https:\/\/www.hotel4you.de\/wp-content\/uploads\/Radwege_3_web-768x512.jpg 768w\" sizes=\"auto, (max-width: 850px) 100vw, 850px\" \/><\/div><\/div><\/div><\/div><\/div><\/div><\/section><section class=\"l-section wpb_row height_medium\"><div class=\"l-section-h i-cf\"><div class=\"g-cols vc_row via_grid cols_1 laptops-cols_inherit tablets-cols_inherit mobiles-cols_1 valign_top type_default stacking_default\"><div class=\"wpb_column vc_column_container\"><div class=\"vc_column-inner\"><div class=\"wpb_text_column\"><div class=\"wpb_wrapper\"><p><strong>Tour Tip: From the Zwergschl\u00f6sschen through the Hofwiesenpark Gera to the New Landscape Ronneburg \u2013 a partial section of the Thuringian City Chain.<\/strong><\/p>\n<p>From the Zwergschl\u00f6sschen, it goes along the Untermh\u00e4user Stra\u00dfe to the Mohrenplatz with the birthplace of Otto Dix and the Marienkirche. The \u201cUntermh\u00e4user Br\u00fccke\u201d bridge takes you to the Hofwiesenpark. Here begins the regional section of the Thuringian City Chain through the bank-Elster-Park and the picturesque Gessental. It was redesigned for BUGA 2007 as a route between the Hofwiesenpark Gera and the New Landscape Ronneburg. A bizarre juxtaposition of railroad, wilderness and playgrounds, a speed skating rink, information boards on the local flora and fauna as well as information about geological features, surprising art installations, and attractive rest areas make the tour a special pleasure. The tour leads directly through the New Landscape Ronneburg. It presents itself as a place of profound change: From the former uranium ore mining area, up to the Federal Garden Show 2007, a completely new, fascinating landscape has developed. Characteristic are the enormous, strictly geometrical Lichtenberger edges, a memory of the former ore mining. Other attractions are the climbing tower, the exhibition on the history of Wismuth in the &#8220;Object 90&#8221; and the 240 m long \u201cDrachenschwanzbr\u00fccke\u201d (Dragon Tail Bridge). Enjoy the spectacular view from the plateau of the Ronneburger balcony into the wide valley with a view of Gera and then return to the Zwergschl\u00f6sschen.<\/p>\n<p><strong>Length: <\/strong>approx. 16 km<\/p>\n<p><strong>Track conditions <\/strong><\/p>\n<p>Well-developed route on forest and asphalt paths with easy slopes.<\/p>\n<\/div><\/div><\/div><\/div><\/div><\/div><\/section><section class=\"l-section wpb_row height_medium\"><div class=\"l-section-h i-cf\"><div class=\"g-cols vc_row via_grid cols_3 laptops-cols_inherit tablets-cols_inherit mobiles-cols_1 valign_top type_default stacking_default\"><div class=\"wpb_column vc_column_container\"><div class=\"vc_column-inner\"><div class=\"w-image align_none us_animate_afb\"><div class=\"w-image-h\"><img loading=\"lazy\" decoding=\"async\" width=\"768\" height=\"1024\" src=\"https:\/\/www.hotel4you.de\/wp-content\/uploads\/Radwege_2_web-1-768x1024.jpg\" class=\"attachment-large size-large\" alt=\"\" srcset=\"https:\/\/www.hotel4you.de\/wp-content\/uploads\/Radwege_2_web-1-768x1025.jpg 768w, https:\/\/www.hotel4you.de\/wp-content\/uploads\/Radwege_2_web-1-225x300.jpg 225w, https:\/\/www.hotel4you.de\/wp-content\/uploads\/Radwege_2_web-1.jpg 850w\" sizes=\"auto, (max-width: 768px) 100vw, 768px\" \/><\/div><\/div><\/div><\/div><div class=\"wpb_column vc_column_container\"><div class=\"vc_column-inner\"><div class=\"w-image align_none us_animate_afb\"><div class=\"w-image-h\"><img loading=\"lazy\" decoding=\"async\" width=\"768\" height=\"1024\" src=\"https:\/\/www.hotel4you.de\/wp-content\/uploads\/Radwege_1_web-1-768x1024.jpg\" class=\"attachment-large size-large\" alt=\"\" srcset=\"https:\/\/www.hotel4you.de\/wp-content\/uploads\/Radwege_1_web-1-768x1025.jpg 768w, https:\/\/www.hotel4you.de\/wp-content\/uploads\/Radwege_1_web-1-225x300.jpg 225w, https:\/\/www.hotel4you.de\/wp-content\/uploads\/Radwege_1_web-1.jpg 850w\" sizes=\"auto, (max-width: 768px) 100vw, 768px\" \/><\/div><\/div><\/div><\/div><div class=\"wpb_column vc_column_container\"><div class=\"vc_column-inner\"><div class=\"wpb_text_column\"><div class=\"wpb_wrapper\"><h4>THE THURINGIAN CITY CHAIN<strong><br \/>\n<\/strong><\/h4>\n<p>By bike from city to city.<\/p>\n<p>The Thuringian City Chain runs across the Free State of Thuringia and links approximately 700 miles to seven Thuringian cities: Eisenach, Gotha, Erfurt, Weimar, Jena, and Gera. These cities have a lot to offer in the way of art, culture and technology-interested cyclists. Historic city centres, parks and numerous sights invite you to explore the sections of the City Chain and to walk in the footsteps of German celebrities.<\/p>\n<p>The Thuringian City Chain is part of the Mittelland Route, which runs from Aachen to Zittau.<\/p>\n<\/div><\/div><\/div><\/div><\/div><\/div><\/section><section class=\"l-section wpb_row height_medium\"><div class=\"l-section-h i-cf\"><div class=\"g-cols vc_row via_grid cols_1 laptops-cols_inherit tablets-cols_inherit mobiles-cols_1 valign_top type_default stacking_default\"><div class=\"wpb_column vc_column_container\"><div class=\"vc_column-inner\"><div class=\"wpb_text_column\"><div class=\"wpb_wrapper\"><h4>CIRCUIT ZWERGSCHL\u00d6SSCHEN &#8211; M\u00dcHLTAL<\/h4>\n<p><strong>Length:<\/strong> approx. 50 km<\/p>\n<p>Starting Point: Zwergschl\u00f6sschen &#8211; Elster cycle path to Bad K\u00f6stritz &#8211; Kursdorf\/ M\u00fchltal &#8211; Bad Klosterlausnitz &#8211; Oberndorf &#8211; Kraftsdorf &#8211; Niederndorf &#8211; T\u00f6ppeln &#8211; Rubitz &#8211; Milbitz &#8211; Zwergschl\u00f6sschen.<\/p>\n<p>In Bad K\u00f6stritz, it is worth to have a stop in the spa park with wildlife reserves and a side trip to the outdoor pool or the world famous black beer brewery, K\u00f6stritzer.<\/p>\n<p>The M\u00fchltal extends over a distance of about 12 kilometers from Kursdorf near Eisenberg to Wei\u00dfenborn near Hermsdorf. The valley is embedded in a forested area and is now a nature reserve and a local recreation area alike. Along the stream, the route stretches past nine mills, which invite you to linger and re-tank. A special attraction is the Milos Waldhaus, the former home of Milo Barus, the strongest man in the world.<\/p>\n<p>In Bad Klosterlausnitz, we recommend a short visit into the monastery church. The church belongs to a former Augustinian convent, founded in the 12th century. The church can be viewed at specific dates and times, which are published on their homepage. There is also the possibility to pick up the key in the parish and to look at the church independently. Phone 036601 83050, <a href=\"http:\/\/www.elk-bad-klosterlausnitz.de\">www.elk-bad-klosterlausnitz.de<\/a><\/p>\n<\/div><\/div><\/div><\/div><\/div><\/div><\/section><section class=\"l-section wpb_row height_medium\"><div class=\"l-section-h i-cf\"><div class=\"g-cols vc_row via_grid cols_2-1 laptops-cols_inherit tablets-cols_inherit mobiles-cols_1 valign_top type_default stacking_default\"><div class=\"wpb_column vc_column_container\"><div class=\"vc_column-inner\"><div class=\"wpb_text_column\"><div class=\"wpb_wrapper\"><h4>THE ELSTER CYCLE TRACK<strong><br \/>\n<\/strong><\/h4>\n<p>It follows the Elster from its source in \u01cds (Asch, Czech Republic) to the mouth of the Saale south of Halle. The cycle track leads through Bad Elster in Saxony, then through Thuringia, between Wetterzeube and Profen. It goes through Saxony-Anhalt, then again through Saxony, to return to the west of Schkeuditz to Saxony-Anhalt. It connects the cities of Oelsnitz, Plauen, Greiz, Gera, Zeitz, Leipzig and Halle.<\/p>\n<p><strong>Characteristics<\/strong><\/p>\n<p>In the Saxon lower course (52 km, from Gera), the route is largely flat and independent of other roads. Here the path is well signposted. (Wheel train component 93%). The upper reaches (63 km) are characterised by mountainous sections. It is mostly driven on public roads, partly with heavier sections. The path is only partially signposted.<\/p>\n<p><strong>Route<\/strong><\/p>\n<p>0 km Elsterquelle, 22 km Adorf, 39 km Oelsnitz, 65 km Plauen, 90 km Greiz, 105 km Berga, 126 km Gera, 144 km Crossen, 158 km Zeitz, 181 km Pegau, 208 Leipzig, 222 km Schreuditz, 240 km &#8211; Mouth in the Saale<\/p>\n<p><strong>The White Magpie<br \/>\n<\/strong><\/p>\n<p>With a length of 257 km, it rises in the Elstergebirge west of the Kapellenberg at a height of 724 m above sea level. Its source lies at Vyhledy southeast of \u01cds, where it is called &#8220;B\u00e9l\u00fd Hal\u0161trov&#8221;.<\/p>\n<p>&nbsp;<\/p>\n<\/div><\/div><\/div><\/div><div class=\"wpb_column vc_column_container\"><div class=\"vc_column-inner\"><div class=\"w-image align_none us_animate_afr\"><div class=\"w-image-h\"><img loading=\"lazy\" decoding=\"async\" width=\"567\" height=\"850\" src=\"https:\/\/www.hotel4you.de\/wp-content\/uploads\/Radwege_5_web.jpg\" class=\"attachment-large size-large\" alt=\"\" srcset=\"https:\/\/www.hotel4you.de\/wp-content\/uploads\/Radwege_5_web.jpg 567w, https:\/\/www.hotel4you.de\/wp-content\/uploads\/Radwege_5_web-200x300.jpg 200w\" sizes=\"auto, (max-width: 567px) 100vw, 567px\" \/><\/div><\/div><\/div><\/div><\/div><\/div><\/section>\n","protected":false},"excerpt":{"rendered":"From the Zwergschl\u00f6sschen you have a direct view over the floodplains of the White Elster and their cycle paths. Discover our recommended routes and be enchanted by the varied landscape. Tour Tip: From the Zwergschl\u00f6sschen through the Hofwiesenpark Gera to the New Landscape Ronneburg \u2013 a partial section of the Thuringian City Chain. From the...","protected":false},"author":1,"featured_media":0,"parent":0,"menu_order":0,"comment_status":"closed","ping_status":"closed","template":"","meta":{"footnotes":""},"class_list":["post-1285","page","type-page","status-publish","hentry"],"yoast_head":"<!-- This site is optimized with the Yoast SEO plugin v24.8.1 - https:\/\/yoast.com\/wordpress\/plugins\/seo\/ -->\n<title>CYCLE TRACKS - hotel4you<\/title>\n<meta name=\"robots\" content=\"index, follow, max-snippet:-1, max-image-preview:large, max-video-preview:-1\" \/>\n<link rel=\"canonical\" href=\"https:\/\/www.hotel4you.de\/en\/radwege\/\" \/>\n<meta property=\"og:locale\" content=\"en_US\" \/>\n<meta property=\"og:type\" content=\"article\" \/>\n<meta property=\"og:title\" content=\"CYCLE TRACKS - hotel4you\" \/>\n<meta property=\"og:url\" content=\"https:\/\/www.hotel4you.de\/en\/radwege\/\" \/>\n<meta property=\"og:site_name\" content=\"hotel4you\" \/>\n<meta property=\"article:modified_time\" content=\"2023-01-26T14:22:11+00:00\" \/>\n<meta name=\"twitter:card\" content=\"summary_large_image\" \/>\n<meta name=\"twitter:label1\" content=\"Est. reading time\" \/>\n\t<meta name=\"twitter:data1\" content=\"5 minutes\" \/>\n<script type=\"application\/ld+json\" class=\"yoast-schema-graph\">{\"@context\":\"https:\/\/schema.org\",\"@graph\":[{\"@type\":\"WebPage\",\"@id\":\"https:\/\/www.hotel4you.de\/en\/radwege\/\",\"url\":\"https:\/\/www.hotel4you.de\/en\/radwege\/\",\"name\":\"CYCLE TRACKS - hotel4you\",\"isPartOf\":{\"@id\":\"https:\/\/www.hotel4you.de\/en\/#website\"},\"datePublished\":\"2017-07-10T15:43:29+00:00\",\"dateModified\":\"2023-01-26T14:22:11+00:00\",\"breadcrumb\":{\"@id\":\"https:\/\/www.hotel4you.de\/en\/radwege\/#breadcrumb\"},\"inLanguage\":\"en-US\",\"potentialAction\":[{\"@type\":\"ReadAction\",\"target\":[\"https:\/\/www.hotel4you.de\/en\/radwege\/\"]}]},{\"@type\":\"BreadcrumbList\",\"@id\":\"https:\/\/www.hotel4you.de\/en\/radwege\/#breadcrumb\",\"itemListElement\":[{\"@type\":\"ListItem\",\"position\":1,\"name\":\"Home\",\"item\":\"https:\/\/www.hotel4you.de\/en\/\"},{\"@type\":\"ListItem\",\"position\":2,\"name\":\"CYCLE TRACKS\"}]},{\"@type\":\"WebSite\",\"@id\":\"https:\/\/www.hotel4you.de\/en\/#website\",\"url\":\"https:\/\/www.hotel4you.de\/en\/\",\"name\":\"hotel4you\",\"description\":\"Offizieller Internetauftritt Hotel-Restaurant Zwergschl\u00f6sschen\",\"potentialAction\":[{\"@type\":\"SearchAction\",\"target\":{\"@type\":\"EntryPoint\",\"urlTemplate\":\"https:\/\/www.hotel4you.de\/en\/?s={search_term_string}\"},\"query-input\":{\"@type\":\"PropertyValueSpecification\",\"valueRequired\":true,\"valueName\":\"search_term_string\"}}],\"inLanguage\":\"en-US\"}]}<\/script>\n<!-- \/ Yoast SEO plugin. -->","yoast_head_json":{"title":"CYCLE TRACKS - hotel4you","robots":{"index":"index","follow":"follow","max-snippet":"max-snippet:-1","max-image-preview":"max-image-preview:large","max-video-preview":"max-video-preview:-1"},"canonical":"https:\/\/www.hotel4you.de\/en\/radwege\/","og_locale":"en_US","og_type":"article","og_title":"CYCLE TRACKS - hotel4you","og_url":"https:\/\/www.hotel4you.de\/en\/radwege\/","og_site_name":"hotel4you","article_modified_time":"2023-01-26T14:22:11+00:00","twitter_card":"summary_large_image","twitter_misc":{"Est. reading time":"5 minutes"},"schema":{"@context":"https:\/\/schema.org","@graph":[{"@type":"WebPage","@id":"https:\/\/www.hotel4you.de\/en\/radwege\/","url":"https:\/\/www.hotel4you.de\/en\/radwege\/","name":"CYCLE TRACKS - hotel4you","isPartOf":{"@id":"https:\/\/www.hotel4you.de\/en\/#website"},"datePublished":"2017-07-10T15:43:29+00:00","dateModified":"2023-01-26T14:22:11+00:00","breadcrumb":{"@id":"https:\/\/www.hotel4you.de\/en\/radwege\/#breadcrumb"},"inLanguage":"en-US","potentialAction":[{"@type":"ReadAction","target":["https:\/\/www.hotel4you.de\/en\/radwege\/"]}]},{"@type":"BreadcrumbList","@id":"https:\/\/www.hotel4you.de\/en\/radwege\/#breadcrumb","itemListElement":[{"@type":"ListItem","position":1,"name":"Home","item":"https:\/\/www.hotel4you.de\/en\/"},{"@type":"ListItem","position":2,"name":"CYCLE TRACKS"}]},{"@type":"WebSite","@id":"https:\/\/www.hotel4you.de\/en\/#website","url":"https:\/\/www.hotel4you.de\/en\/","name":"hotel4you","description":"Offizieller Internetauftritt Hotel-Restaurant Zwergschl\u00f6sschen","potentialAction":[{"@type":"SearchAction","target":{"@type":"EntryPoint","urlTemplate":"https:\/\/www.hotel4you.de\/en\/?s={search_term_string}"},"query-input":{"@type":"PropertyValueSpecification","valueRequired":true,"valueName":"search_term_string"}}],"inLanguage":"en-US"}]}},"_links":{"self":[{"href":"https:\/\/www.hotel4you.de\/en\/wp-json\/wp\/v2\/pages\/1285","targetHints":{"allow":["GET"]}}],"collection":[{"href":"https:\/\/www.hotel4you.de\/en\/wp-json\/wp\/v2\/pages"}],"about":[{"href":"https:\/\/www.hotel4you.de\/en\/wp-json\/wp\/v2\/types\/page"}],"author":[{"embeddable":true,"href":"https:\/\/www.hotel4you.de\/en\/wp-json\/wp\/v2\/users\/1"}],"replies":[{"embeddable":true,"href":"https:\/\/www.hotel4you.de\/en\/wp-json\/wp\/v2\/comments?post=1285"}],"version-history":[{"count":5,"href":"https:\/\/www.hotel4you.de\/en\/wp-json\/wp\/v2\/pages\/1285\/revisions"}],"predecessor-version":[{"id":2831,"href":"https:\/\/www.hotel4you.de\/en\/wp-json\/wp\/v2\/pages\/1285\/revisions\/2831"}],"wp:attachment":[{"href":"https:\/\/www.hotel4you.de\/en\/wp-json\/wp\/v2\/media?parent=1285"}],"curies":[{"name":"wp","href":"https:\/\/api.w.org\/{rel}","templated":true}]}}