{"id":1294,"date":"2017-07-10T17:46:44","date_gmt":"2017-07-10T15:46:44","guid":{"rendered":"http:\/\/localhost\/hotel4you\/wandern\/"},"modified":"2023-01-26T15:22:14","modified_gmt":"2023-01-26T14:22:14","slug":"wandern","status":"publish","type":"page","link":"https:\/\/www.hotel4you.de\/en\/wandern\/","title":{"rendered":"HIKE"},"content":{"rendered":"<section class=\"l-section wpb_row height_medium\"><div class=\"l-section-h i-cf\"><div class=\"g-cols vc_row via_grid cols_1-3 laptops-cols_inherit tablets-cols_inherit mobiles-cols_1 valign_top type_default stacking_default\"><div class=\"wpb_column vc_column_container\"><div class=\"vc_column-inner\"><div class=\"wpb_text_column\"><div class=\"wpb_wrapper\"><p>Hiking and relaxing in the Geraer City Forest. Gera has the largest connected forest area of all Thuringian towns. Directly behind our complex you will find numerous hiking trails on which you can relax and listen to nature. <\/p>\n<\/div><\/div><\/div><\/div><div class=\"wpb_column vc_column_container\"><div class=\"vc_column-inner\"><div class=\"w-slider style_none fit_scaledown\"><div class=\"w-slider-h\"><div class=\"royalSlider\"><div class=\"rsContent\"><a class=\"rsImg\" data-rsw=\"1024\" data-rsh=\"482\" href=\"https:\/\/www.hotel4you.de\/wp-content\/uploads\/Kalte_Eiche_1_web-1-1024x482.jpg\"><span data-alt=\"\"><\/span><\/a><\/div><div class=\"rsContent\"><a class=\"rsImg\" data-rsw=\"1024\" data-rsh=\"482\" href=\"https:\/\/www.hotel4you.de\/wp-content\/uploads\/Jogging_Milbitzer_3_web-1024x482.jpg\"><span data-alt=\"\"><\/span><\/a><\/div><div class=\"rsContent\"><a class=\"rsImg\" data-rsw=\"1024\" data-rsh=\"482\" href=\"https:\/\/www.hotel4you.de\/wp-content\/uploads\/Wandern_Slider_1_web-1024x482.jpg\"><span data-alt=\"\"><\/span><\/a><\/div><div class=\"rsContent\"><a class=\"rsImg\" data-rsw=\"1024\" data-rsh=\"482\" href=\"https:\/\/www.hotel4you.de\/wp-content\/uploads\/Wandern_Slider_2_web-1024x482.jpg\"><span data-alt=\"\"><\/span><\/a><\/div><div class=\"rsContent\"><a class=\"rsImg\" data-rsw=\"1024\" data-rsh=\"482\" href=\"https:\/\/www.hotel4you.de\/wp-content\/uploads\/Wandern_Slider_3_web-1024x482.jpg\"><span data-alt=\"\"><\/span><\/a><\/div><\/div><img decoding=\"async\" src=\"https:\/\/www.hotel4you.de\/wp-content\/uploads\/Kalte_Eiche_1_web-1-1024x482.jpg\" width=\"1024\" height=\"482\" alt loading=\"lazy\"><\/div><div class=\"w-slider-json\" onclick='return {&quot;loop&quot;:true,&quot;fadeInLoadedSlide&quot;:false,&quot;slidesSpacing&quot;:0,&quot;imageScalePadding&quot;:0,&quot;numImagesToPreload&quot;:2,&quot;arrowsNav&quot;:true,&quot;arrowsNavAutoHide&quot;:true,&quot;transitionType&quot;:&quot;fade&quot;,&quot;transitionSpeed&quot;:250,&quot;block&quot;:{&quot;moveEffect&quot;:&quot;none&quot;,&quot;speed&quot;:300},&quot;controlNavigation&quot;:&quot;none&quot;,&quot;autoplay&quot;:{&quot;enabled&quot;:true,&quot;pauseOnHover&quot;:true,&quot;delay&quot;:4000},&quot;imageScaleMode&quot;:&quot;fit-if-smaller&quot;,&quot;autoScaleSlider&quot;:true,&quot;autoScaleSliderWidth&quot;:1024,&quot;autoScaleSliderHeight&quot;:482,&quot;fitInViewport&quot;:false}'><\/div><\/div><\/div><\/div><\/div><\/div><\/section><section class=\"l-section wpb_row height_medium\"><div class=\"l-section-h i-cf\"><div class=\"g-cols vc_row via_grid cols_2-1 laptops-cols_inherit tablets-cols_inherit mobiles-cols_1 valign_top type_default stacking_default\"><div class=\"wpb_column vc_column_container\"><div class=\"vc_column-inner\"><div class=\"wpb_text_column\"><div class=\"wpb_wrapper\"><h4>ROUND TRIP ZWERGSCHL\u00d6SSCHEN &#8211; MILBITZER HEILST\u00c4TTEN<strong><br \/>\n<\/strong><\/h4>\n<p><strong>Length 1.4 km<\/strong><\/p>\n<p>This route runs through a small orchard directly into the Geraer City Forest to the former Milbitzer Heilst\u00e4tten. These were built by Gera&#8217;s pharmacist Louis Schlutter at the end of the 19th century. In 1927, a basic expansion of the complex took place. In 1940, the sanatorium was a military hospital and had an average of 150 war casualties. The sanatorium was used after the Second World War by the Soviet army as a military hospital of the GUS-forces until 1990. Today, the remaining buildings, which are under monument protection, are gradually becoming derelict. A building on the site has been partially renovated and is now inhabited by private individuals. The boiler house and the building of the sanatorium have become hopelessly ruined. When returning, you can walk over the historic cemetery of Untermhaus. This was founded in 1886. Numerous grave sites of Gera manufacturers in the back of the site are reminiscent of Gera&#8217;s prosperity as an industrial city at the end of the 19th century. In addition to Krefeld, Gera was awarded the title \u201cRichest City in Germany\u201d.<\/p>\n<\/div><\/div><div class=\"g-cols wpb_row via_grid cols_3 laptops-cols_inherit tablets-cols_inherit mobiles-cols_1 valign_top type_default stacking_default\"><div class=\"wpb_column vc_column_container\"><div class=\"vc_column-inner\"><div class=\"w-btn-wrapper align_center\"><a class=\"w-btn us-btn-style_1\" target=\"_blank\" href=\"http:\/\/localhost\/hotel4you\/wp-content\/uploads\/Beschr_Wanderg_Milbitzer.pdf\" rel=\"noopener\"><span class=\"w-btn-label\">SHORT DESCRIPTION<\/span><\/a><\/div><\/div><\/div><div class=\"wpb_column vc_column_container\"><div class=\"vc_column-inner\"><div class=\"w-btn-wrapper align_center\"><a class=\"w-btn us-btn-style_1\" target=\"_blank\" href=\"http:\/\/localhost\/hotel4you\/wp-content\/uploads\/Wanderweg-Heilstaetten.pdf\" rel=\"noopener\"><span class=\"w-btn-label\">ROUTEPLAN<\/span><\/a><\/div><\/div><\/div><div class=\"wpb_column vc_column_container\"><div class=\"vc_column-inner\"><div class=\"w-btn-wrapper align_center\"><a class=\"w-btn us-btn-style_1\" target=\"_blank\" href=\"http:\/\/localhost\/hotel4you\/wp-content\/uploads\/Hoehenprofil-Heilstaetten.pdf\" rel=\"noopener\"><span class=\"w-btn-label\">HEIGHT PROFILE<\/span><\/a><\/div><\/div><\/div><\/div><\/div><\/div><div class=\"wpb_column vc_column_container\"><div class=\"vc_column-inner\"><div class=\"w-image align_none us_animate_afr\"><div class=\"w-image-h\"><img loading=\"lazy\" decoding=\"async\" width=\"400\" height=\"500\" src=\"https:\/\/www.hotel4you.de\/wp-content\/uploads\/Wandern_Milbitzer_web.jpg\" class=\"attachment-large size-large\" alt=\"\" srcset=\"https:\/\/www.hotel4you.de\/wp-content\/uploads\/Wandern_Milbitzer_web.jpg 400w, https:\/\/www.hotel4you.de\/wp-content\/uploads\/Wandern_Milbitzer_web-240x300.jpg 240w\" sizes=\"auto, (max-width: 400px) 100vw, 400px\" \/><\/div><\/div><\/div><\/div><\/div><\/div><\/section><section class=\"l-section wpb_row height_medium\"><div class=\"l-section-h i-cf\"><div class=\"g-cols vc_row via_grid cols_1-3 laptops-cols_inherit tablets-cols_inherit mobiles-cols_1 valign_top type_default stacking_default\"><div class=\"wpb_column vc_column_container\"><div class=\"vc_column-inner\"><div class=\"w-image align_none us_animate_afl\"><div class=\"w-image-h\"><img loading=\"lazy\" decoding=\"async\" width=\"400\" height=\"500\" src=\"https:\/\/www.hotel4you.de\/wp-content\/uploads\/IMG_6923-web.jpg\" class=\"attachment-large size-large\" alt=\"\" srcset=\"https:\/\/www.hotel4you.de\/wp-content\/uploads\/IMG_6923-web.jpg 400w, https:\/\/www.hotel4you.de\/wp-content\/uploads\/IMG_6923-web-240x300.jpg 240w\" sizes=\"auto, (max-width: 400px) 100vw, 400px\" \/><\/div><\/div><\/div><\/div><div class=\"wpb_column vc_column_container\"><div class=\"vc_column-inner\"><div class=\"wpb_text_column\"><div class=\"wpb_wrapper\"><h4>ROUND TRIP ZWERGSCHL\u00d6SSCHEN &#8211; ERNSEE<strong><br \/>\n<\/strong><\/h4>\n<p><strong>Length 4,2 km<\/strong><\/p>\n<p>Enjoy a hike through the Geraer City Forest. The trail leads to an altitude of approximately 300 meters above sea level. On the summit, you will have a beautiful panoramic view over Gera from autumn to spring. From Ernsee, you can only see a small part on this route. The birth of Ernsee, is most likely in connection with Schloss Osterstein. The chamber of Ernsee was used for supplying the castle, in particular sheep-breeding. In 1827, the village comprised a stately home, a sheep farm, a forestry farm, fifteen houses and 85 inhabitants. In 1922, Ernsen was incorporated into the city of Gera. Erntssee is now growing steadily due to its unique location.<\/p>\n<\/div><\/div><div class=\"g-cols wpb_row via_grid cols_3 laptops-cols_inherit tablets-cols_inherit mobiles-cols_1 valign_top type_default stacking_default\"><div class=\"wpb_column vc_column_container\"><div class=\"vc_column-inner\"><div class=\"w-btn-wrapper align_center\"><a class=\"w-btn us-btn-style_1\" target=\"_blank\" href=\"http:\/\/localhost\/hotel4you\/wp-content\/uploads\/Beschr_Wanderg_Ernsee.pdf\" rel=\"noopener\"><span class=\"w-btn-label\">SHORT DESCRIPTION<\/span><\/a><\/div><\/div><\/div><div class=\"wpb_column vc_column_container\"><div class=\"vc_column-inner\"><div class=\"w-btn-wrapper align_center\"><a class=\"w-btn us-btn-style_1\" target=\"_blank\" href=\"http:\/\/localhost\/hotel4you\/wp-content\/uploads\/Wanderweg-Ernsee.pdf\" rel=\"noopener\"><span class=\"w-btn-label\">ROUTEPLAN<\/span><\/a><\/div><\/div><\/div><div class=\"wpb_column vc_column_container\"><div class=\"vc_column-inner\"><div class=\"w-btn-wrapper align_center\"><a class=\"w-btn us-btn-style_1\" target=\"_blank\" href=\"http:\/\/localhost\/hotel4you\/wp-content\/uploads\/Hoehenprofil-Ernsee.pdf\" rel=\"noopener\"><span class=\"w-btn-label\">HEIGHT PROFILE<\/span><\/a><\/div><\/div><\/div><\/div><\/div><\/div><\/div><\/div><\/section><section class=\"l-section wpb_row height_medium\"><div class=\"l-section-h i-cf\"><div class=\"g-cols vc_row via_grid cols_2-1 laptops-cols_inherit tablets-cols_inherit mobiles-cols_1 valign_top type_default stacking_default\"><div class=\"wpb_column vc_column_container\"><div class=\"vc_column-inner\"><div class=\"wpb_text_column\"><div class=\"wpb_wrapper\"><h4>ROUND TRIP ZWERGSCHL\u00d6SSCHEN &#8211; KALTE EICHE (COLD OAK)<strong><br \/>\n<\/strong><\/h4>\n<p><strong>Length 8 km<\/strong><\/p>\n<p>This tour is characterised by broad hiking trails and pure nature. If you leave the buildings of the former Milbitzer Heilst\u00e4tten behind, you will soon reach the first garden plants, only to enjoy a fascinating view over the wide landscape in the open field. In Rubitz, turn right before the railway underpass onto a riding and hiking trail, which leads directly into the Geraer City Forest. On the way through the forest you can listen to nature and let your mind wander. After approximately 2.5 km, you will reach the natural monument &#8220;Kalte Eiche&#8221;. The tree is visible as a landmark near Ernsee and is about 500 years old. The oak has a circumference of 6.20 meters. The exposed position on a high altitude gives the &#8220;Cold Oak&#8221; its name. If you continue along the road, you will reach Ernsee. In 1922, Ernsee was incorporated into the city of Gera. Erntssee is now growing steadily due to its unique location. Following the signposting trail, you will pass the &#8220;Brandeiche&#8221;, which burned after a lightning strike in the inner of the tree and is hollow since that day. Again, enter into the Geraer City Forest and back to the Zwergschl\u00f6sschen.<\/p>\n<\/div><\/div><div class=\"g-cols wpb_row via_grid cols_3 laptops-cols_inherit tablets-cols_inherit mobiles-cols_1 valign_top type_default stacking_default\"><div class=\"wpb_column vc_column_container\"><div class=\"vc_column-inner\"><div class=\"w-btn-wrapper align_center\"><a class=\"w-btn us-btn-style_1\" target=\"_blank\" href=\"http:\/\/localhost\/hotel4you\/wp-content\/uploads\/Beschr_Wanderg_Kalte_Eiche.pdf\" rel=\"noopener\"><span class=\"w-btn-label\">SHORT DESCRIPTION<\/span><\/a><\/div><\/div><\/div><div class=\"wpb_column vc_column_container\"><div class=\"vc_column-inner\"><div class=\"w-btn-wrapper align_center\"><a class=\"w-btn us-btn-style_1\" target=\"_blank\" href=\"http:\/\/localhost\/hotel4you\/wp-content\/uploads\/Wanderweg-Kalte-Eiche.pdf\" rel=\"noopener\"><span class=\"w-btn-label\">ROUTEPLAN<\/span><\/a><\/div><\/div><\/div><div class=\"wpb_column vc_column_container\"><div class=\"vc_column-inner\"><div class=\"w-btn-wrapper align_center\"><a class=\"w-btn us-btn-style_1\" target=\"_blank\" href=\"http:\/\/localhost\/hotel4you\/wp-content\/uploads\/Hoehenprofil_Kalte_Eiche.pdf\" rel=\"noopener\"><span class=\"w-btn-label\">HEIGHT PROFILE<\/span><\/a><\/div><\/div><\/div><\/div><\/div><\/div><div class=\"wpb_column vc_column_container\"><div class=\"vc_column-inner\"><div class=\"w-image align_none us_animate_afr\"><div class=\"w-image-h\"><img loading=\"lazy\" decoding=\"async\" width=\"400\" height=\"500\" src=\"https:\/\/www.hotel4you.de\/wp-content\/uploads\/Wandern_Kalte_Eiche_web.jpg\" class=\"attachment-large size-large\" alt=\"\" srcset=\"https:\/\/www.hotel4you.de\/wp-content\/uploads\/Wandern_Kalte_Eiche_web.jpg 400w, https:\/\/www.hotel4you.de\/wp-content\/uploads\/Wandern_Kalte_Eiche_web-240x300.jpg 240w\" sizes=\"auto, (max-width: 400px) 100vw, 400px\" \/><\/div><\/div><\/div><\/div><\/div><\/div><\/section><section class=\"l-section wpb_row height_medium\"><div class=\"l-section-h i-cf\"><div class=\"g-cols vc_row via_grid cols_4 laptops-cols_inherit tablets-cols_inherit mobiles-cols_1 valign_top type_default stacking_default\"><div class=\"wpb_column vc_column_container\"><div class=\"vc_column-inner\"><div class=\"w-image align_none us_animate_afb\"><div class=\"w-image-h\"><img loading=\"lazy\" decoding=\"async\" width=\"768\" height=\"1024\" src=\"https:\/\/www.hotel4you.de\/wp-content\/uploads\/Wandern_6_web-768x1024.jpg\" class=\"attachment-large size-large\" alt=\"\" srcset=\"https:\/\/www.hotel4you.de\/wp-content\/uploads\/Wandern_6_web-768x1025.jpg 768w, https:\/\/www.hotel4you.de\/wp-content\/uploads\/Wandern_6_web-225x300.jpg 225w, https:\/\/www.hotel4you.de\/wp-content\/uploads\/Wandern_6_web.jpg 850w\" sizes=\"auto, (max-width: 768px) 100vw, 768px\" \/><\/div><\/div><\/div><\/div><div class=\"wpb_column vc_column_container\"><div class=\"vc_column-inner\"><div class=\"w-image align_none us_animate_afb\"><div class=\"w-image-h\"><img loading=\"lazy\" decoding=\"async\" width=\"768\" height=\"1024\" src=\"https:\/\/www.hotel4you.de\/wp-content\/uploads\/Wandern_7_web-768x1024.jpg\" class=\"attachment-large size-large\" alt=\"\" srcset=\"https:\/\/www.hotel4you.de\/wp-content\/uploads\/Wandern_7_web-768x1025.jpg 768w, https:\/\/www.hotel4you.de\/wp-content\/uploads\/Wandern_7_web-225x300.jpg 225w, https:\/\/www.hotel4you.de\/wp-content\/uploads\/Wandern_7_web.jpg 850w\" sizes=\"auto, (max-width: 768px) 100vw, 768px\" \/><\/div><\/div><\/div><\/div><div class=\"wpb_column vc_column_container\"><div class=\"vc_column-inner\"><div class=\"w-image align_none us_animate_afb\"><div class=\"w-image-h\"><img loading=\"lazy\" decoding=\"async\" width=\"768\" height=\"1024\" src=\"https:\/\/www.hotel4you.de\/wp-content\/uploads\/Wandern_4_web-768x1024.jpg\" class=\"attachment-large size-large\" alt=\"\" srcset=\"https:\/\/www.hotel4you.de\/wp-content\/uploads\/Wandern_4_web-768x1025.jpg 768w, https:\/\/www.hotel4you.de\/wp-content\/uploads\/Wandern_4_web-225x300.jpg 225w, https:\/\/www.hotel4you.de\/wp-content\/uploads\/Wandern_4_web.jpg 850w\" sizes=\"auto, (max-width: 768px) 100vw, 768px\" \/><\/div><\/div><\/div><\/div><div class=\"wpb_column vc_column_container\"><div class=\"vc_column-inner\"><div class=\"w-image align_none us_animate_afb\"><div class=\"w-image-h\"><img loading=\"lazy\" decoding=\"async\" width=\"768\" height=\"1024\" src=\"https:\/\/www.hotel4you.de\/wp-content\/uploads\/Wandern_3_web-768x1024.jpg\" class=\"attachment-large size-large\" alt=\"\" srcset=\"https:\/\/www.hotel4you.de\/wp-content\/uploads\/Wandern_3_web-768x1025.jpg 768w, https:\/\/www.hotel4you.de\/wp-content\/uploads\/Wandern_3_web-225x300.jpg 225w, https:\/\/www.hotel4you.de\/wp-content\/uploads\/Wandern_3_web.jpg 850w\" sizes=\"auto, (max-width: 768px) 100vw, 768px\" \/><\/div><\/div><\/div><\/div><\/div><\/div><\/section><section class=\"l-section wpb_row height_medium\"><div class=\"l-section-h i-cf\"><div class=\"g-cols vc_row via_grid cols_3 laptops-cols_inherit tablets-cols_inherit mobiles-cols_1 valign_top type_default stacking_default\"><div class=\"wpb_column vc_column_container\"><div class=\"vc_column-inner\"><div class=\"wpb_text_column\"><div class=\"wpb_wrapper\"><h4>DER TH\u00dcRINGENWEG<strong><br \/>\n<\/strong><\/h4>\n<p>The Th\u00fcringenweg is characterised by its varied landscapes. Over 410 km, it crosses Thuringia from Altenburg in the east to Creuzburg in the west. It is divided into 23 stages.<\/p>\n<p><strong><u>7th Stage Gera &#8211; Bad K\u00f6stritz<\/u><\/strong><\/p>\n<p><strong>Tour length<\/strong><\/p>\n<p>18,5 km<\/p>\n<p><strong>Marking<\/strong><\/p>\n<p>Blue dot on white square<\/p>\n<p><strong>Route<\/strong><\/p>\n<p>Bus station: Gera-Liebschwitz &#8211; OT Taubenpreskeln &#8211; Zoitzberg &#8211; districts Zw\u00f6tzen &#8211; district Debschwitz &#8211; settlement Heinrichsgr\u00fcn &#8211; district Untermhaus &#8211; Ernsee\/Hammelburg &#8211; Schiefergasse &#8211; OT Rubitz &#8211; Kleine Crosse &#8211; Rasth\u00fctte Great Crosse &#8211; Bad K\u00f6stritz<\/p>\n<p>&nbsp;<\/p>\n<p>&nbsp;<\/p>\n<\/div><\/div><\/div><\/div><div class=\"wpb_column vc_column_container\"><div class=\"vc_column-inner\"><div class=\"wpb_text_column\"><div class=\"wpb_wrapper\"><p>&nbsp;<\/p>\n<p>&nbsp;<\/p>\n<p>&nbsp;<\/p>\n<p>&nbsp;<\/p>\n<p><strong><u>6th Stage Berga &#8211; Gera<\/u><\/strong><\/p>\n<p><strong>Tour length<\/strong><\/p>\n<p>23 km<\/p>\n<p><strong>Marking<\/strong><\/p>\n<p>Blue dot on white square<\/p>\n<p><strong>Route<\/strong><\/p>\n<p>Berga\/Oak &#8211; Memorial &#8211; Albersdorf &#8211; Barrier Wall &#8211; Mountain of the Berga Hiking Club &#8211; Hammermichelbaude &#8211; Clodram\u00fchle &#8211; Clodraleite &#8211; Silberberg &#8211; Veitskirche \u2013 Train station: W\u00fcnschendorf &#8211; Kuchenberg &#8211; Gro\u00dffalka &#8211; P\u00f6sneck &#8211; Unlitz &#8211; Gera-Liebschwitz<\/p>\n<\/div><\/div><\/div><\/div><div class=\"wpb_column vc_column_container\"><div class=\"vc_column-inner\"><div class=\"wpb_text_column\"><div class=\"wpb_wrapper\"><h4>OUR SECRET TIP &#8211; ORCHID WANDERING THROUGH THE LEUTRATAL<strong><br \/>\n<\/strong><\/h4>\n<p>Since 1996, the Leutratal in Jena has been one of eight main areas of the nature reserve project &#8220;Orchideenregion Jena&#8221;.<\/p>\n<p>Experience the exhilarating beauty of orchid diversity in the Leutratal from May to June. On a beautiful walk, you will discover the lady orchid (Orchis purpurea), military orchid (Orchis militaris), and lady`s slipper orchid (Cypripedium calceolus). You can leave the car in Leutra and use the NABU information centre as a starting point.<\/p>\n<p>&nbsp;<\/p>\n<p><strong>NABU Th\u00fcringen<\/strong>, Leutra 15, 07751 Jena, Phone 03641-605704, <a href=\"http:\/\/www.thueringen.nabu.de\">www.thueringen.nabu.de<\/a><\/p>\n<p><strong>Public guided tours<\/strong><\/p>\n<p>May &#8211; June every Saturday, Sunday and holiday: 10.00 am and 2.00 pm<\/p>\n<\/div><\/div><\/div><\/div><\/div><\/div><\/section>\n","protected":false},"excerpt":{"rendered":"Hiking and relaxing in the Geraer City Forest. Gera has the largest connected forest area of all Thuringian towns. Directly behind our complex you will find numerous hiking trails on which you can relax and listen to nature. ROUND TRIP ZWERGSCHL\u00d6SSCHEN &#8211; MILBITZER HEILST\u00c4TTEN Length 1.4 km This route runs through a small orchard directly...","protected":false},"author":1,"featured_media":0,"parent":0,"menu_order":0,"comment_status":"closed","ping_status":"closed","template":"","meta":{"footnotes":""},"class_list":["post-1294","page","type-page","status-publish","hentry"],"yoast_head":"<!-- This site is optimized with the Yoast SEO plugin v24.8.1 - https:\/\/yoast.com\/wordpress\/plugins\/seo\/ -->\n<title>HIKE - hotel4you<\/title>\n<meta name=\"robots\" content=\"index, follow, max-snippet:-1, max-image-preview:large, max-video-preview:-1\" \/>\n<link rel=\"canonical\" href=\"https:\/\/www.hotel4you.de\/wandern\/\" \/>\n<meta property=\"og:locale\" content=\"en_US\" \/>\n<meta property=\"og:type\" content=\"article\" \/>\n<meta property=\"og:title\" content=\"HIKE - hotel4you\" \/>\n<meta property=\"og:url\" content=\"https:\/\/www.hotel4you.de\/wandern\/\" \/>\n<meta property=\"og:site_name\" content=\"hotel4you\" \/>\n<meta property=\"article:modified_time\" content=\"2023-01-26T14:22:14+00:00\" \/>\n<meta name=\"twitter:card\" content=\"summary_large_image\" \/>\n<meta name=\"twitter:label1\" content=\"Est. reading time\" \/>\n\t<meta name=\"twitter:data1\" content=\"6 minutes\" \/>\n<script type=\"application\/ld+json\" class=\"yoast-schema-graph\">{\"@context\":\"https:\/\/schema.org\",\"@graph\":[{\"@type\":\"WebPage\",\"@id\":\"https:\/\/www.hotel4you.de\/wandern\/\",\"url\":\"https:\/\/www.hotel4you.de\/wandern\/\",\"name\":\"HIKE - hotel4you\",\"isPartOf\":{\"@id\":\"https:\/\/www.hotel4you.de\/en\/#website\"},\"datePublished\":\"2017-07-10T15:46:44+00:00\",\"dateModified\":\"2023-01-26T14:22:14+00:00\",\"breadcrumb\":{\"@id\":\"https:\/\/www.hotel4you.de\/wandern\/#breadcrumb\"},\"inLanguage\":\"en-US\",\"potentialAction\":[{\"@type\":\"ReadAction\",\"target\":[\"https:\/\/www.hotel4you.de\/wandern\/\"]}]},{\"@type\":\"BreadcrumbList\",\"@id\":\"https:\/\/www.hotel4you.de\/wandern\/#breadcrumb\",\"itemListElement\":[{\"@type\":\"ListItem\",\"position\":1,\"name\":\"Home\",\"item\":\"https:\/\/www.hotel4you.de\/en\/\"},{\"@type\":\"ListItem\",\"position\":2,\"name\":\"HIKE\"}]},{\"@type\":\"WebSite\",\"@id\":\"https:\/\/www.hotel4you.de\/en\/#website\",\"url\":\"https:\/\/www.hotel4you.de\/en\/\",\"name\":\"hotel4you\",\"description\":\"Offizieller Internetauftritt Hotel-Restaurant Zwergschl\u00f6sschen\",\"potentialAction\":[{\"@type\":\"SearchAction\",\"target\":{\"@type\":\"EntryPoint\",\"urlTemplate\":\"https:\/\/www.hotel4you.de\/en\/?s={search_term_string}\"},\"query-input\":{\"@type\":\"PropertyValueSpecification\",\"valueRequired\":true,\"valueName\":\"search_term_string\"}}],\"inLanguage\":\"en-US\"}]}<\/script>\n<!-- \/ Yoast SEO plugin. -->","yoast_head_json":{"title":"HIKE - hotel4you","robots":{"index":"index","follow":"follow","max-snippet":"max-snippet:-1","max-image-preview":"max-image-preview:large","max-video-preview":"max-video-preview:-1"},"canonical":"https:\/\/www.hotel4you.de\/wandern\/","og_locale":"en_US","og_type":"article","og_title":"HIKE - hotel4you","og_url":"https:\/\/www.hotel4you.de\/wandern\/","og_site_name":"hotel4you","article_modified_time":"2023-01-26T14:22:14+00:00","twitter_card":"summary_large_image","twitter_misc":{"Est. reading time":"6 minutes"},"schema":{"@context":"https:\/\/schema.org","@graph":[{"@type":"WebPage","@id":"https:\/\/www.hotel4you.de\/wandern\/","url":"https:\/\/www.hotel4you.de\/wandern\/","name":"HIKE - hotel4you","isPartOf":{"@id":"https:\/\/www.hotel4you.de\/en\/#website"},"datePublished":"2017-07-10T15:46:44+00:00","dateModified":"2023-01-26T14:22:14+00:00","breadcrumb":{"@id":"https:\/\/www.hotel4you.de\/wandern\/#breadcrumb"},"inLanguage":"en-US","potentialAction":[{"@type":"ReadAction","target":["https:\/\/www.hotel4you.de\/wandern\/"]}]},{"@type":"BreadcrumbList","@id":"https:\/\/www.hotel4you.de\/wandern\/#breadcrumb","itemListElement":[{"@type":"ListItem","position":1,"name":"Home","item":"https:\/\/www.hotel4you.de\/en\/"},{"@type":"ListItem","position":2,"name":"HIKE"}]},{"@type":"WebSite","@id":"https:\/\/www.hotel4you.de\/en\/#website","url":"https:\/\/www.hotel4you.de\/en\/","name":"hotel4you","description":"Offizieller Internetauftritt Hotel-Restaurant Zwergschl\u00f6sschen","potentialAction":[{"@type":"SearchAction","target":{"@type":"EntryPoint","urlTemplate":"https:\/\/www.hotel4you.de\/en\/?s={search_term_string}"},"query-input":{"@type":"PropertyValueSpecification","valueRequired":true,"valueName":"search_term_string"}}],"inLanguage":"en-US"}]}},"_links":{"self":[{"href":"https:\/\/www.hotel4you.de\/en\/wp-json\/wp\/v2\/pages\/1294","targetHints":{"allow":["GET"]}}],"collection":[{"href":"https:\/\/www.hotel4you.de\/en\/wp-json\/wp\/v2\/pages"}],"about":[{"href":"https:\/\/www.hotel4you.de\/en\/wp-json\/wp\/v2\/types\/page"}],"author":[{"embeddable":true,"href":"https:\/\/www.hotel4you.de\/en\/wp-json\/wp\/v2\/users\/1"}],"replies":[{"embeddable":true,"href":"https:\/\/www.hotel4you.de\/en\/wp-json\/wp\/v2\/comments?post=1294"}],"version-history":[{"count":9,"href":"https:\/\/www.hotel4you.de\/en\/wp-json\/wp\/v2\/pages\/1294\/revisions"}],"predecessor-version":[{"id":2832,"href":"https:\/\/www.hotel4you.de\/en\/wp-json\/wp\/v2\/pages\/1294\/revisions\/2832"}],"wp:attachment":[{"href":"https:\/\/www.hotel4you.de\/en\/wp-json\/wp\/v2\/media?parent=1294"}],"curies":[{"name":"wp","href":"https:\/\/api.w.org\/{rel}","templated":true}]}}